{"id":205,"date":"2018-01-18T16:16:54","date_gmt":"2018-01-18T15:16:54","guid":{"rendered":"https:\/\/www.joseconti.com\/cursos-online\/?page_id=205"},"modified":"2024-02-28T13:01:28","modified_gmt":"2024-02-28T12:01:28","slug":"propon-un-taller","status":"publish","type":"page","link":"https:\/\/www.joseconti.com\/cursos-online\/propon-un-taller\/","title":{"rendered":"Prop\u00f3n un taller"},"content":{"rendered":"<p>He habilitado este formulario para que pod\u00e1is enviarme propuestas de talleres a realizar. Solo debes rellenar los campos y me lo estudiar\u00e9. Por favor, los talleres deben tener un inter\u00e9s general y no ser muy \u00abpersonales\u00bb, es decir, a mucha gente le puede interesar por ejemplo como sacar un sitio de un WordPress Multisite, pero a poca gente puede que le interese arreglar una web en espec\u00edfico que no se ve bien en m\u00f3viles. Los talleres propuestos deben ser generales, no de problemas puntuales personales que pod\u00e1is tener. No utilices este formulario para aclarar dudas que pod\u00e1is tener, no ser\u00e1n respondidas.<\/p>\n<script type=\"text\/javascript\">\n\/* <![CDATA[ *\/\nvar gform;gform||(document.addEventListener(\"gform_main_scripts_loaded\",function(){gform.scriptsLoaded=!0}),document.addEventListener(\"gform\/theme\/scripts_loaded\",function(){gform.themeScriptsLoaded=!0}),window.addEventListener(\"DOMContentLoaded\",function(){gform.domLoaded=!0}),gform={domLoaded:!1,scriptsLoaded:!1,themeScriptsLoaded:!1,isFormEditor:()=>\"function\"==typeof InitializeEditor,callIfLoaded:function(o){return!(!gform.domLoaded||!gform.scriptsLoaded||!gform.themeScriptsLoaded&&!gform.isFormEditor()||(gform.isFormEditor()&&console.warn(\"The use of gform.initializeOnLoaded() is deprecated in the form editor context and will be removed in Gravity Forms 3.1.\"),o(),0))},initializeOnLoaded:function(o){gform.callIfLoaded(o)||(document.addEventListener(\"gform_main_scripts_loaded\",()=>{gform.scriptsLoaded=!0,gform.callIfLoaded(o)}),document.addEventListener(\"gform\/theme\/scripts_loaded\",()=>{gform.themeScriptsLoaded=!0,gform.callIfLoaded(o)}),window.addEventListener(\"DOMContentLoaded\",()=>{gform.domLoaded=!0,gform.callIfLoaded(o)}))},hooks:{action:{},filter:{}},addAction:function(o,r,e,t){gform.addHook(\"action\",o,r,e,t)},addFilter:function(o,r,e,t){gform.addHook(\"filter\",o,r,e,t)},doAction:function(o){gform.doHook(\"action\",o,arguments)},applyFilters:function(o){return gform.doHook(\"filter\",o,arguments)},removeAction:function(o,r){gform.removeHook(\"action\",o,r)},removeFilter:function(o,r,e){gform.removeHook(\"filter\",o,r,e)},addHook:function(o,r,e,t,n){null==gform.hooks[o][r]&&(gform.hooks[o][r]=[]);var d=gform.hooks[o][r];null==n&&(n=r+\"_\"+d.length),gform.hooks[o][r].push({tag:n,callable:e,priority:t=null==t?10:t})},doHook:function(r,o,e){var t;if(e=Array.prototype.slice.call(e,1),null!=gform.hooks[r][o]&&((o=gform.hooks[r][o]).sort(function(o,r){return o.priority-r.priority}),o.forEach(function(o){\"function\"!=typeof(t=o.callable)&&(t=window[t]),\"action\"==r?t.apply(null,e):e[0]=t.apply(null,e)})),\"filter\"==r)return e[0]},removeHook:function(o,r,t,n){var e;null!=gform.hooks[o][r]&&(e=(e=gform.hooks[o][r]).filter(function(o,r,e){return!!(null!=n&&n!=o.tag||null!=t&&t!=o.priority)}),gform.hooks[o][r]=e)}});\n\/* ]]> *\/\n<\/script>\n\n                <div class='gf_browser_gecko gform_wrapper gform_legacy_markup_wrapper gform-theme--no-framework' data-form-theme='legacy' data-form-index='0' id='gform_wrapper_1' style='display:none'><div id='gf_1' class='gform_anchor' tabindex='-1'><\/div><form method='post' enctype='multipart\/form-data' target='gform_ajax_frame_1' id='gform_1'  action='\/cursos-online\/wp-json\/wp\/v2\/pages\/205#gf_1' data-formid='1' novalidate>\n                        <div class='gform-body gform_body'><ul id='gform_fields_1' class='gform_fields top_label form_sublabel_below description_below validation_below'><li id=\"field_1_1\" class=\"gfield gfield--type-select field_sublabel_below gfield--no-description field_description_below field_validation_below gfield_visibility_visible\"  ><label class='gfield_label gform-field-label' for='input_1_1'>Prepuesta sobre<\/label><div class='ginput_container ginput_container_select'><select name='input_1' id='input_1_1' class='medium gfield_select'     aria-invalid=\"false\" ><option value='WordPress' >WordPress<\/option><option value='WordPress Multisite' >WordPress Multisite<\/option><option value='WordPress Multinetwork' >WordPress Multinetwork<\/option><option value='BuddyPress' >BuddyPress<\/option><option value='bbPress' >bbPress<\/option><option value='WooCommerce' >WooCommerce<\/option><option value='Otros' >Otros<\/option><\/select><\/div><\/li><li id=\"field_1_3\" class=\"gfield gfield--type-text field_sublabel_below gfield--has-description field_description_below field_validation_below gfield_visibility_visible\"  ><label class='gfield_label gform-field-label' for='input_1_3'>\u00bfSobre qu\u00e9 es?<\/label><div class='ginput_container ginput_container_text'><input name='input_3' id='input_1_3' type='text' value='' class='medium'  aria-describedby=\"gfield_description_1_3\"    aria-invalid=\"false\"   \/><\/div><div class='gfield_description' id='gfield_description_1_3'>\u00bfSobre qu\u00e9 plugin quieres un taller? si es que es sobre un plugin.<\/div><\/li><li id=\"field_1_4\" class=\"gfield gfield--type-textarea field_sublabel_below gfield--has-description field_description_below field_validation_below gfield_visibility_visible\"  ><label class='gfield_label gform-field-label' for='input_1_4'>Descripci\u00f3n<\/label><div class='ginput_container ginput_container_textarea'><textarea name='input_4' id='input_1_4' class='textarea medium'  aria-describedby=\"gfield_description_1_4\"    aria-invalid=\"false\"   rows='10' cols='50'><\/textarea><\/div><div class='gfield_description' id='gfield_description_1_4'>Describe lo mejor posible el tipo de taller que desear\u00edas que realizara y lo que desear\u00edas que mostrara.<\/div><\/li><\/ul><\/div>\n        <div class='gform-footer gform_footer top_label'> <input type='submit' id='gform_submit_button_1' class='gform_button button' onclick='gform.submission.handleButtonClick(this);' data-submission-type='submit' value='Enviar'  \/> <input type='hidden' name='gform_ajax' value='form_id=1&amp;title=&amp;description=&amp;tabindex=0&amp;theme=legacy&amp;styles=[]&amp;hash=aae290aa2c91c13ad29dc2aee62163fd' \/>\n            <input type='hidden' class='gform_hidden' name='gform_submission_method' data-js='gform_submission_method_1' value='iframe' \/>\n            <input type='hidden' class='gform_hidden' name='gform_theme' data-js='gform_theme_1' id='gform_theme_1' value='legacy' \/>\n            <input type='hidden' class='gform_hidden' name='gform_style_settings' data-js='gform_style_settings_1' id='gform_style_settings_1' value='[]' \/>\n            <input type='hidden' class='gform_hidden' name='is_submit_1' value='1' \/>\n            <input type='hidden' class='gform_hidden' name='gform_submit' value='1' \/>\n            \n            <input type='hidden' class='gform_hidden' name='gform_currency' data-currency='EUR' value='D9Vyxc9TTHi481xGU9hnUs5gxPa7nNtTbgZF4U3vLraxFRO7diNmUm0cOuheHan2Zd0vPiNziGrrEkVLQexUrlwMDw5bvcYbVLPqRsf1s+VQJ3o=' \/>\n            <input type='hidden' class='gform_hidden' name='gform_unique_id' value='' \/>\n            <input type='hidden' class='gform_hidden' name='state_1' value='WyJbXSIsImU4M2U5ODE1ZDFlMmZiOTBjMmM1YjY5NWI2YmYwMzAxIl0=' \/>\n            <input type='hidden' autocomplete='off' class='gform_hidden' name='gform_target_page_number_1' id='gform_target_page_number_1' value='0' \/>\n            <input type='hidden' autocomplete='off' class='gform_hidden' name='gform_source_page_number_1' id='gform_source_page_number_1' value='1' \/>\n            <input type='hidden' name='gform_field_values' value='' \/>\n            \n        <\/div>\n                        <\/form>\n                        <\/div>\n\t\t                <iframe style='display:none;width:0px;height:0px;' src='about:blank' name='gform_ajax_frame_1' id='gform_ajax_frame_1' title='Este iframe contiene la l\u00f3gica necesaria para gestionar formularios con ajax activado.'><\/iframe>\n\t\t                <script type=\"text\/javascript\">\n\/* <![CDATA[ *\/\n gform.initializeOnLoaded( function() {gformInitSpinner( 1, 'https:\/\/www.joseconti.com\/cursos-online\/wp-content\/plugins\/gravityforms\/images\/spinner.svg', true );jQuery('#gform_ajax_frame_1').on('load',function(){var contents = jQuery(this).contents().find('*').html();var is_postback = contents.indexOf('GF_AJAX_POSTBACK') >= 0;if(!is_postback){return;}var form_content = jQuery(this).contents().find('#gform_wrapper_1');var is_confirmation = jQuery(this).contents().find('#gform_confirmation_wrapper_1').length > 0;var is_redirect = contents.indexOf('gformRedirect(){') >= 0;var is_form = form_content.length > 0 && ! is_redirect && ! is_confirmation;var mt = parseInt(jQuery('html').css('margin-top'), 10) + parseInt(jQuery('body').css('margin-top'), 10) + 100;if(is_form){form_content.find('form').css('opacity', 0);jQuery('#gform_wrapper_1').html(form_content.html());if(form_content.hasClass('gform_validation_error')){jQuery('#gform_wrapper_1').addClass('gform_validation_error');} else {jQuery('#gform_wrapper_1').removeClass('gform_validation_error');}setTimeout( function() { \/* delay the scroll by 50 milliseconds to fix a bug in chrome *\/ jQuery(document).scrollTop(jQuery('#gform_wrapper_1').offset().top - mt); }, 50 );if(window['gformInitDatepicker']) {gformInitDatepicker();}if(window['gformInitPriceFields']) {gformInitPriceFields();}var current_page = jQuery('#gform_source_page_number_1').val();gformInitSpinner( 1, 'https:\/\/www.joseconti.com\/cursos-online\/wp-content\/plugins\/gravityforms\/images\/spinner.svg', true );jQuery(document).trigger('gform_page_loaded', [1, current_page]);window['gf_submitting_1'] = false;}else if(!is_redirect){var confirmation_content = jQuery(this).contents().find('.GF_AJAX_POSTBACK').html();if(!confirmation_content){confirmation_content = contents;}jQuery('#gform_wrapper_1').replaceWith(confirmation_content);jQuery(document).scrollTop(jQuery('#gf_1').offset().top - mt);jQuery(document).trigger('gform_confirmation_loaded', [1]);window['gf_submitting_1'] = false;wp.a11y.speak(jQuery('#gform_confirmation_message_1').text());}else{jQuery('#gform_1').append(contents);if(window['gformRedirect']) {gformRedirect();}}jQuery(document).trigger(\"gform_pre_post_render\", [{ formId: \"1\", currentPage: \"current_page\", abort: function() { this.preventDefault(); } }]);        if (event && event.defaultPrevented) {                return;        }        const gformWrapperDiv = document.getElementById( \"gform_wrapper_1\" );        if ( gformWrapperDiv ) {            const visibilitySpan = document.createElement( \"span\" );            visibilitySpan.id = \"gform_visibility_test_1\";            gformWrapperDiv.insertAdjacentElement( \"afterend\", visibilitySpan );        }        const visibilityTestDiv = document.getElementById( \"gform_visibility_test_1\" );        let postRenderFired = false;        function triggerPostRender() {            if ( postRenderFired ) {                return;            }            postRenderFired = true;            gform.core.triggerPostRenderEvents( 1, current_page );            if ( visibilityTestDiv ) {                visibilityTestDiv.parentNode.removeChild( visibilityTestDiv );            }        }        function debounce( func, wait, immediate ) {            var timeout;            return function() {                var context = this, args = arguments;                var later = function() {                    timeout = null;                    if ( !immediate ) func.apply( context, args );                };                var callNow = immediate && !timeout;                clearTimeout( timeout );                timeout = setTimeout( later, wait );                if ( callNow ) func.apply( context, args );            };        }        const debouncedTriggerPostRender = debounce( function() {            triggerPostRender();        }, 200 );        if ( visibilityTestDiv && visibilityTestDiv.offsetParent === null ) {            const observer = new MutationObserver( ( mutations ) => {                mutations.forEach( ( mutation ) => {                    if ( mutation.type === 'attributes' && visibilityTestDiv.offsetParent !== null ) {                        debouncedTriggerPostRender();                        observer.disconnect();                    }                });            });            observer.observe( document.body, {                attributes: true,                childList: false,                subtree: true,                attributeFilter: [ 'style', 'class' ],            });        } else {            triggerPostRender();        }    } );} ); \n\/* ]]> *\/\n<\/script>\n\n","protected":false},"excerpt":{"rendered":"<p>He habilitado este formulario para que pod\u00e1is enviarme propuestas de talleres a realizar. Solo debes rellenar los campos y me lo estudiar\u00e9. Por favor, los talleres deben tener un inter\u00e9s general y no ser muy \u00abpersonales\u00bb, es decir, a mucha gente le puede interesar por ejemplo como sacar un sitio de un WordPress Multisite, pero&hellip;<\/p>\n","protected":false},"author":1,"featured_media":0,"parent":0,"menu_order":0,"comment_status":"closed","ping_status":"closed","template":"","meta":{"pmpro_default_level":"","footnotes":""},"class_list":["post-205","page","type-page","status-publish","hentry","pmpro-has-access","description-off"],"yoast_head":"<!-- This site is optimized with the Yoast SEO plugin v27.3 - https:\/\/yoast.com\/product\/yoast-seo-wordpress\/ -->\n<title>Prop\u00f3n un taller - Cursos online Jos\u00e9 Conti<\/title>\n<meta name=\"robots\" content=\"index, follow, max-snippet:-1, max-image-preview:large, max-video-preview:-1\" \/>\n<link rel=\"canonical\" href=\"https:\/\/www.joseconti.com\/cursos-online\/propon-un-taller\/\" \/>\n<meta property=\"og:locale\" content=\"es_ES\" \/>\n<meta property=\"og:type\" content=\"article\" \/>\n<meta property=\"og:title\" content=\"Prop\u00f3n un taller - Cursos online Jos\u00e9 Conti\" \/>\n<meta property=\"og:description\" content=\"He habilitado este formulario para que pod\u00e1is enviarme propuestas de talleres a realizar. Solo debes rellenar los campos y me lo estudiar\u00e9. Por favor, los talleres deben tener un inter\u00e9s general y no ser muy \u00abpersonales\u00bb, es decir, a mucha gente le puede interesar por ejemplo como sacar un sitio de un WordPress Multisite, pero&hellip;\" \/>\n<meta property=\"og:url\" content=\"https:\/\/www.joseconti.com\/cursos-online\/propon-un-taller\/\" \/>\n<meta property=\"og:site_name\" content=\"Cursos online Jos\u00e9 Conti\" \/>\n<meta property=\"article:modified_time\" content=\"2024-02-28T12:01:28+00:00\" \/>\n<meta name=\"twitter:card\" content=\"summary_large_image\" \/>\n<meta name=\"twitter:site\" content=\"@josecontic\" \/>\n<meta name=\"twitter:label1\" content=\"Tiempo de lectura\" \/>\n\t<meta name=\"twitter:data1\" content=\"1 minuto\" \/>\n<script type=\"application\/ld+json\" class=\"yoast-schema-graph\">{\"@context\":\"https:\\\/\\\/schema.org\",\"@graph\":[{\"@type\":\"WebPage\",\"@id\":\"https:\\\/\\\/www.joseconti.com\\\/cursos-online\\\/propon-un-taller\\\/\",\"url\":\"https:\\\/\\\/www.joseconti.com\\\/cursos-online\\\/propon-un-taller\\\/\",\"name\":\"Prop\u00f3n un taller - Cursos online Jos\u00e9 Conti\",\"isPartOf\":{\"@id\":\"https:\\\/\\\/www.joseconti.com\\\/cursos-online\\\/#website\"},\"datePublished\":\"2018-01-18T15:16:54+00:00\",\"dateModified\":\"2024-02-28T12:01:28+00:00\",\"breadcrumb\":{\"@id\":\"https:\\\/\\\/www.joseconti.com\\\/cursos-online\\\/propon-un-taller\\\/#breadcrumb\"},\"inLanguage\":\"es\",\"potentialAction\":[{\"@type\":\"ReadAction\",\"target\":[\"https:\\\/\\\/www.joseconti.com\\\/cursos-online\\\/propon-un-taller\\\/\"]}]},{\"@type\":\"BreadcrumbList\",\"@id\":\"https:\\\/\\\/www.joseconti.com\\\/cursos-online\\\/propon-un-taller\\\/#breadcrumb\",\"itemListElement\":[{\"@type\":\"ListItem\",\"position\":1,\"name\":\"Portada\",\"item\":\"https:\\\/\\\/www.joseconti.com\\\/cursos-online\\\/\"},{\"@type\":\"ListItem\",\"position\":2,\"name\":\"Prop\u00f3n un taller\"}]},{\"@type\":\"WebSite\",\"@id\":\"https:\\\/\\\/www.joseconti.com\\\/cursos-online\\\/#website\",\"url\":\"https:\\\/\\\/www.joseconti.com\\\/cursos-online\\\/\",\"name\":\"Cursos online Jos\u00e9 Conti\",\"description\":\"Me gustar\u00eda cambiar el mundo, pero no encuentro el c\u00f3digo fuente\",\"publisher\":{\"@id\":\"https:\\\/\\\/www.joseconti.com\\\/cursos-online\\\/#\\\/schema\\\/person\\\/70180751d692bf6cd51282a0cda96a72\"},\"potentialAction\":[{\"@type\":\"SearchAction\",\"target\":{\"@type\":\"EntryPoint\",\"urlTemplate\":\"https:\\\/\\\/www.joseconti.com\\\/cursos-online\\\/?s={search_term_string}\"},\"query-input\":{\"@type\":\"PropertyValueSpecification\",\"valueRequired\":true,\"valueName\":\"search_term_string\"}}],\"inLanguage\":\"es\"},{\"@type\":[\"Person\",\"Organization\"],\"@id\":\"https:\\\/\\\/www.joseconti.com\\\/cursos-online\\\/#\\\/schema\\\/person\\\/70180751d692bf6cd51282a0cda96a72\",\"name\":\"Jos\u00e9 Conti\",\"image\":{\"@type\":\"ImageObject\",\"inLanguage\":\"es\",\"@id\":\"https:\\\/\\\/www.joseconti.com\\\/cursos-online\\\/wp-content\\\/uploads\\\/2017\\\/12\\\/logo.png\",\"url\":\"https:\\\/\\\/www.joseconti.com\\\/cursos-online\\\/wp-content\\\/uploads\\\/2017\\\/12\\\/logo.png\",\"contentUrl\":\"https:\\\/\\\/www.joseconti.com\\\/cursos-online\\\/wp-content\\\/uploads\\\/2017\\\/12\\\/logo.png\",\"width\":421,\"height\":77,\"caption\":\"Jos\u00e9 Conti\"},\"logo\":{\"@id\":\"https:\\\/\\\/www.joseconti.com\\\/cursos-online\\\/wp-content\\\/uploads\\\/2017\\\/12\\\/logo.png\"},\"description\":\"Pertenezco al equipo de traducci\u00f3n oficial de WordPress Espa\u00f1a, soy amante de WordPress por su sencillez de uso y potencial. Trabajo con WordPress desde finales de 2004, principios de 2005. Realizo mantenimientos de webs realizadas con WordPress y WooCommerce entre otras muchas cosas.\",\"sameAs\":[\"https:\\\/\\\/www.joseconti.com\",\"https:\\\/\\\/x.com\\\/josecontic\",\"https:\\\/\\\/www.youtube.com\\\/joseconti\"]}]}<\/script>\n<!-- \/ Yoast SEO plugin. -->","yoast_head_json":{"title":"Prop\u00f3n un taller - Cursos online Jos\u00e9 Conti","robots":{"index":"index","follow":"follow","max-snippet":"max-snippet:-1","max-image-preview":"max-image-preview:large","max-video-preview":"max-video-preview:-1"},"canonical":"https:\/\/www.joseconti.com\/cursos-online\/propon-un-taller\/","og_locale":"es_ES","og_type":"article","og_title":"Prop\u00f3n un taller - Cursos online Jos\u00e9 Conti","og_description":"He habilitado este formulario para que pod\u00e1is enviarme propuestas de talleres a realizar. Solo debes rellenar los campos y me lo estudiar\u00e9. Por favor, los talleres deben tener un inter\u00e9s general y no ser muy \u00abpersonales\u00bb, es decir, a mucha gente le puede interesar por ejemplo como sacar un sitio de un WordPress Multisite, pero&hellip;","og_url":"https:\/\/www.joseconti.com\/cursos-online\/propon-un-taller\/","og_site_name":"Cursos online Jos\u00e9 Conti","article_modified_time":"2024-02-28T12:01:28+00:00","twitter_card":"summary_large_image","twitter_site":"@josecontic","twitter_misc":{"Tiempo de lectura":"1 minuto"},"schema":{"@context":"https:\/\/schema.org","@graph":[{"@type":"WebPage","@id":"https:\/\/www.joseconti.com\/cursos-online\/propon-un-taller\/","url":"https:\/\/www.joseconti.com\/cursos-online\/propon-un-taller\/","name":"Prop\u00f3n un taller - Cursos online Jos\u00e9 Conti","isPartOf":{"@id":"https:\/\/www.joseconti.com\/cursos-online\/#website"},"datePublished":"2018-01-18T15:16:54+00:00","dateModified":"2024-02-28T12:01:28+00:00","breadcrumb":{"@id":"https:\/\/www.joseconti.com\/cursos-online\/propon-un-taller\/#breadcrumb"},"inLanguage":"es","potentialAction":[{"@type":"ReadAction","target":["https:\/\/www.joseconti.com\/cursos-online\/propon-un-taller\/"]}]},{"@type":"BreadcrumbList","@id":"https:\/\/www.joseconti.com\/cursos-online\/propon-un-taller\/#breadcrumb","itemListElement":[{"@type":"ListItem","position":1,"name":"Portada","item":"https:\/\/www.joseconti.com\/cursos-online\/"},{"@type":"ListItem","position":2,"name":"Prop\u00f3n un taller"}]},{"@type":"WebSite","@id":"https:\/\/www.joseconti.com\/cursos-online\/#website","url":"https:\/\/www.joseconti.com\/cursos-online\/","name":"Cursos online Jos\u00e9 Conti","description":"Me gustar\u00eda cambiar el mundo, pero no encuentro el c\u00f3digo fuente","publisher":{"@id":"https:\/\/www.joseconti.com\/cursos-online\/#\/schema\/person\/70180751d692bf6cd51282a0cda96a72"},"potentialAction":[{"@type":"SearchAction","target":{"@type":"EntryPoint","urlTemplate":"https:\/\/www.joseconti.com\/cursos-online\/?s={search_term_string}"},"query-input":{"@type":"PropertyValueSpecification","valueRequired":true,"valueName":"search_term_string"}}],"inLanguage":"es"},{"@type":["Person","Organization"],"@id":"https:\/\/www.joseconti.com\/cursos-online\/#\/schema\/person\/70180751d692bf6cd51282a0cda96a72","name":"Jos\u00e9 Conti","image":{"@type":"ImageObject","inLanguage":"es","@id":"https:\/\/www.joseconti.com\/cursos-online\/wp-content\/uploads\/2017\/12\/logo.png","url":"https:\/\/www.joseconti.com\/cursos-online\/wp-content\/uploads\/2017\/12\/logo.png","contentUrl":"https:\/\/www.joseconti.com\/cursos-online\/wp-content\/uploads\/2017\/12\/logo.png","width":421,"height":77,"caption":"Jos\u00e9 Conti"},"logo":{"@id":"https:\/\/www.joseconti.com\/cursos-online\/wp-content\/uploads\/2017\/12\/logo.png"},"description":"Pertenezco al equipo de traducci\u00f3n oficial de WordPress Espa\u00f1a, soy amante de WordPress por su sencillez de uso y potencial. Trabajo con WordPress desde finales de 2004, principios de 2005. Realizo mantenimientos de webs realizadas con WordPress y WooCommerce entre otras muchas cosas.","sameAs":["https:\/\/www.joseconti.com","https:\/\/x.com\/josecontic","https:\/\/www.youtube.com\/joseconti"]}]}},"jetpack_shortlink":"https:\/\/wp.me\/P9sNL4-3j","jetpack_sharing_enabled":true,"_links":{"self":[{"href":"https:\/\/www.joseconti.com\/cursos-online\/wp-json\/wp\/v2\/pages\/205","targetHints":{"allow":["GET"]}}],"collection":[{"href":"https:\/\/www.joseconti.com\/cursos-online\/wp-json\/wp\/v2\/pages"}],"about":[{"href":"https:\/\/www.joseconti.com\/cursos-online\/wp-json\/wp\/v2\/types\/page"}],"author":[{"embeddable":true,"href":"https:\/\/www.joseconti.com\/cursos-online\/wp-json\/wp\/v2\/users\/1"}],"replies":[{"embeddable":true,"href":"https:\/\/www.joseconti.com\/cursos-online\/wp-json\/wp\/v2\/comments?post=205"}],"version-history":[{"count":1,"href":"https:\/\/www.joseconti.com\/cursos-online\/wp-json\/wp\/v2\/pages\/205\/revisions"}],"predecessor-version":[{"id":6814,"href":"https:\/\/www.joseconti.com\/cursos-online\/wp-json\/wp\/v2\/pages\/205\/revisions\/6814"}],"wp:attachment":[{"href":"https:\/\/www.joseconti.com\/cursos-online\/wp-json\/wp\/v2\/media?parent=205"}],"curies":[{"name":"wp","href":"https:\/\/api.w.org\/{rel}","templated":true}]}}