{"id":5085,"date":"2019-12-08T19:01:04","date_gmt":"2019-12-08T18:01:04","guid":{"rendered":"https:\/\/www.joseconti.com\/cursos-online\/?page_id=5085"},"modified":"2020-01-17T00:09:59","modified_gmt":"2020-01-16T23:09:59","slug":"curso-woocommerce-diciembre-2019","status":"publish","type":"page","link":"https:\/\/www.joseconti.com\/cursos-online\/curso-woocommerce-diciembre-2019\/","title":{"rendered":"Curso WooCommerce diciembre 2019"},"content":{"rendered":"<section class=\"wpb-content-wrapper\"><p>[vc_row full_width=\u00bbstretch_row_content_no_spaces\u00bb equal_height=\u00bbyes\u00bb content_placement=\u00bbtop\u00bb][vc_column width=\u00bb1\/3&#8243; css=\u00bb.vc_custom_1574768142024{padding-top: 50px !important;padding-right: 50px !important;padding-bottom: 50px !important;padding-left: 50px !important;background-color: #ececec !important;}\u00bb][vc_column_text css=\u00bb.vc_custom_1574768528597{padding-top: 15px !important;padding-right: 15px !important;padding-bottom: 15px !important;padding-left: 15px !important;background-color: #bfbfbf !important;}\u00bb]<\/p>\n<h2 style=\"text-align: center;\">D\u00eda 1<\/h2>\n<p>[\/vc_column_text][vc_column_text]Mira la clase 1 de este curso. Duraci\u00f3n aproximada 3h[\/vc_column_text]<style type=\"text\/css\" data-type=\"the7_shortcodes-inline-css\">#default-btn-5857bdeec8c0f367cb0664c60d64e9ba.ico-right-side > i {\n  margin-right: 0px;\n  margin-left: 8px;\n}\n#default-btn-5857bdeec8c0f367cb0664c60d64e9ba > i {\n  margin-right: 8px;\n}\n<\/style><div class=\"btn-align-center\"><a href=\"https:\/\/www.joseconti.com\/cursos-online\/curso-woocommerce-diciembre-2019-dia-01\/\" class=\"default-btn-shortcode dt-btn dt-btn-l link-hover-off \" id=\"default-btn-5857bdeec8c0f367cb0664c60d64e9ba\"><span>Ver clase<\/span><\/a><\/div>[\/vc_column][vc_column width=\u00bb1\/3&#8243; css=\u00bb.vc_custom_1574768183475{padding-top: 50px !important;padding-right: 50px !important;padding-bottom: 50px !important;padding-left: 50px !important;background-color: #fbfafa !important;}\u00bb][vc_column_text css=\u00bb.vc_custom_1576097134929{padding-top: 15px !important;padding-right: 15px !important;padding-bottom: 15px !important;padding-left: 15px !important;background-color: #bfbfbf !important;}\u00bb]<\/p>\n<h2 style=\"text-align: center;\">D\u00eda 2<\/h2>\n<p>[\/vc_column_text][vc_column_text]Mira la clase 2 de este curso. Duraci\u00f3n aproximada 3h[\/vc_column_text]<style type=\"text\/css\" data-type=\"the7_shortcodes-inline-css\">#default-btn-0e6dbfac211e67d2abedde6f172ccbfa.ico-right-side > i {\n  margin-right: 0px;\n  margin-left: 8px;\n}\n#default-btn-0e6dbfac211e67d2abedde6f172ccbfa > i {\n  margin-right: 8px;\n}\n<\/style><div class=\"btn-align-center\"><a href=\"https:\/\/www.joseconti.com\/cursos-online\/curso-woocommerce-diciembre-2019-dia-02\/\" class=\"default-btn-shortcode dt-btn dt-btn-l link-hover-off \" id=\"default-btn-0e6dbfac211e67d2abedde6f172ccbfa\"><span>Ver clase<\/span><\/a><\/div>[\/vc_column][vc_column width=\u00bb1\/3&#8243; css=\u00bb.vc_custom_1574768160619{padding-top: 50px !important;padding-right: 50px !important;padding-bottom: 50px !important;padding-left: 50px !important;background-color: #ececec !important;}\u00bb][vc_column_text css=\u00bb.vc_custom_1576671072338{padding-top: 15px !important;padding-right: 15px !important;padding-bottom: 15px !important;padding-left: 15px !important;background-color: #bfbfbf !important;}\u00bb]<\/p>\n<h2 style=\"text-align: center;\">D\u00eda 3<\/h2>\n<p>[\/vc_column_text][vc_column_text]Mira la clase 3 de este curso. Duraci\u00f3n aproximada 3h[\/vc_column_text]<style type=\"text\/css\" data-type=\"the7_shortcodes-inline-css\">#default-btn-f859875d3c0193759a8ac19ca15d889d.ico-right-side > i {\n  margin-right: 0px;\n  margin-left: 8px;\n}\n#default-btn-f859875d3c0193759a8ac19ca15d889d > i {\n  margin-right: 8px;\n}\n<\/style><div class=\"btn-align-center\"><a href=\"https:\/\/www.joseconti.com\/cursos-online\/curso-woocommerce-diciembre-2019-dia-03\/\" class=\"default-btn-shortcode dt-btn dt-btn-l link-hover-off \" id=\"default-btn-f859875d3c0193759a8ac19ca15d889d\"><span>Ver clase<\/span><\/a><\/div>[\/vc_column][\/vc_row][vc_row full_width=\u00bbstretch_row_content_no_spaces\u00bb equal_height=\u00bbyes\u00bb content_placement=\u00bbtop\u00bb][vc_column width=\u00bb1\/3&#8243; css=\u00bb.vc_custom_1574768412853{padding-top: 50px !important;padding-right: 50px !important;padding-bottom: 50px !important;padding-left: 50px !important;background-color: #fbfafa !important;}\u00bb][vc_column_text css=\u00bb.vc_custom_1579216068420{padding-top: 15px !important;padding-right: 15px !important;padding-bottom: 15px !important;padding-left: 15px !important;background-color: #bfbfbf !important;}\u00bb]<\/p>\n<h2 style=\"text-align: center;\">D\u00eda 4<\/h2>\n<p>[\/vc_column_text][vc_column_text]Mira la clase 4 de este curso. Duraci\u00f3n aproximada 3h[\/vc_column_text]<style type=\"text\/css\" data-type=\"the7_shortcodes-inline-css\">#default-btn-b6e46e5a846fe3761165dc073b41e9f5.ico-right-side > i {\n  margin-right: 0px;\n  margin-left: 8px;\n}\n#default-btn-b6e46e5a846fe3761165dc073b41e9f5 > i {\n  margin-right: 8px;\n}\n<\/style><div class=\"btn-align-center\"><a href=\"https:\/\/www.joseconti.com\/cursos-online\/curso-woocommerce-diciembre-2019-dia-04\/\" class=\"default-btn-shortcode dt-btn dt-btn-l link-hover-off \" id=\"default-btn-b6e46e5a846fe3761165dc073b41e9f5\" title=\"Curso WooCommerce diciembre 2019 D\u00eda 04\"><span>Ver clase<\/span><\/a><\/div>[\/vc_column][vc_column width=\u00bb1\/3&#8243; css=\u00bb.vc_custom_1574768393801{padding-top: 50px !important;padding-right: 50px !important;padding-bottom: 50px !important;padding-left: 50px !important;background-color: #ececec !important;}\u00bb][vc_column_text css=\u00bb.vc_custom_1579216076759{padding-top: 15px !important;padding-right: 15px !important;padding-bottom: 15px !important;padding-left: 15px !important;background-color: #bfbfbf !important;}\u00bb]<\/p>\n<h2 style=\"text-align: center;\">D\u00eda 5<\/h2>\n<p>[\/vc_column_text][vc_column_text]Mira la clase 5 de este curso. Duraci\u00f3n aproximada 3h[\/vc_column_text]<style type=\"text\/css\" data-type=\"the7_shortcodes-inline-css\">#default-btn-4836f6508ec1399ae797a36c5e7dc33a.ico-right-side > i {\n  margin-right: 0px;\n  margin-left: 8px;\n}\n#default-btn-4836f6508ec1399ae797a36c5e7dc33a > i {\n  margin-right: 8px;\n}\n<\/style><div class=\"btn-align-center\"><a href=\"https:\/\/www.joseconti.com\/cursos-online\/curso-woocommerce-diciembre-2019-dia-05\/\" class=\"default-btn-shortcode dt-btn dt-btn-l link-hover-off \" id=\"default-btn-4836f6508ec1399ae797a36c5e7dc33a\" title=\"Curso WooCommerce diciembre 2019 D\u00eda 05\"><span>Ver clase<\/span><\/a><\/div>[\/vc_column][vc_column width=\u00bb1\/3&#8243; css=\u00bb.vc_custom_1574768422287{padding-top: 50px !important;padding-right: 50px !important;padding-bottom: 50px !important;padding-left: 50px !important;background-color: #fbfafa !important;}\u00bb][vc_column_text css=\u00bb.vc_custom_1579216084916{padding-top: 15px !important;padding-right: 15px !important;padding-bottom: 15px !important;padding-left: 15px !important;background-color: #bfbfbf !important;}\u00bb]<\/p>\n<h2 style=\"text-align: center;\">D\u00eda 6<\/h2>\n<p>[\/vc_column_text][vc_column_text]Mira la clase 6 de este curso. Duraci\u00f3n aproximada 3h[\/vc_column_text]<style type=\"text\/css\" data-type=\"the7_shortcodes-inline-css\">#default-btn-4afda3ed2e37f98df62faf89ad1cfa58.ico-right-side > i {\n  margin-right: 0px;\n  margin-left: 8px;\n}\n#default-btn-4afda3ed2e37f98df62faf89ad1cfa58 > i {\n  margin-right: 8px;\n}\n<\/style><div class=\"btn-align-center\"><a href=\"https:\/\/www.joseconti.com\/cursos-online\/curso-woocommerce-diciembre-2019-dia-06\/\" class=\"default-btn-shortcode dt-btn dt-btn-l link-hover-off \" id=\"default-btn-4afda3ed2e37f98df62faf89ad1cfa58\" title=\"Curso WooCommerce diciembre 2019 D\u00eda 06\"><span>Ver clase<\/span><\/a><\/div>[\/vc_column][\/vc_row][vc_row full_width=\u00bbstretch_row_content_no_spaces\u00bb equal_height=\u00bbyes\u00bb content_placement=\u00bbtop\u00bb][vc_column width=\u00bb1\/3&#8243; css=\u00bb.vc_custom_1574768142024{padding-top: 50px !important;padding-right: 50px !important;padding-bottom: 50px !important;padding-left: 50px !important;background-color: #ececec !important;}\u00bb][vc_column_text css=\u00bb.vc_custom_1579216122144{padding-top: 15px !important;padding-right: 15px !important;padding-bottom: 15px !important;padding-left: 15px !important;background-color: #bfbfbf !important;}\u00bb]<\/p>\n<h2 style=\"text-align: center;\">D\u00eda 7<\/h2>\n<p>[\/vc_column_text][vc_column_text]Mira la clase 7 de este curso. Duraci\u00f3n aproximada 3h[\/vc_column_text]<style type=\"text\/css\" data-type=\"the7_shortcodes-inline-css\">#default-btn-7518a3047412f5f236059f35f0d99b04.ico-right-side > i {\n  margin-right: 0px;\n  margin-left: 8px;\n}\n#default-btn-7518a3047412f5f236059f35f0d99b04 > i {\n  margin-right: 8px;\n}\n<\/style><div class=\"btn-align-center\"><a href=\"https:\/\/www.joseconti.com\/cursos-online\/curso-woocommerce-diciembre-2019-dia-07\/\" class=\"default-btn-shortcode dt-btn dt-btn-l link-hover-off \" id=\"default-btn-7518a3047412f5f236059f35f0d99b04\" title=\"Curso WooCommerce diciembre 2019 D\u00eda 07\"><span>Ver clase<\/span><\/a><\/div>[\/vc_column][vc_column width=\u00bb1\/3&#8243; css=\u00bb.vc_custom_1574768183475{padding-top: 50px !important;padding-right: 50px !important;padding-bottom: 50px !important;padding-left: 50px !important;background-color: #fbfafa !important;}\u00bb][\/vc_column][vc_column width=\u00bb1\/3&#8243; css=\u00bb.vc_custom_1574768160619{padding-top: 50px !important;padding-right: 50px !important;padding-bottom: 50px !important;padding-left: 50px !important;background-color: #ececec !important;}\u00bb][\/vc_column][\/vc_row]<\/p>\n<\/section>","protected":false},"excerpt":{"rendered":"<p>[vc_row full_width=\u00bbstretch_row_content_no_spaces\u00bb equal_height=\u00bbyes\u00bb content_placement=\u00bbtop\u00bb][vc_column width=\u00bb1\/3&#8243; css=\u00bb.vc_custom_1574768142024{padding-top: 50px !important;padding-right: 50px !important;padding-bottom: 50px !important;padding-left: 50px !important;background-color: #ececec !important;}\u00bb][vc_column_text css=\u00bb.vc_custom_1574768528597{padding-top: 15px !important;padding-right: 15px !important;padding-bottom: 15px !important;padding-left: 15px !important;background-color: #bfbfbf !important;}\u00bb] D\u00eda 1 [\/vc_column_text][vc_column_text]Mira la clase 1 de este curso. Duraci\u00f3n aproximada 3h[\/vc_column_text][\/vc_column][vc_column width=\u00bb1\/3&#8243; css=\u00bb.vc_custom_1574768183475{padding-top: 50px !important;padding-right: 50px !important;padding-bottom: 50px !important;padding-left: 50px !important;background-color: #fbfafa !important;}\u00bb][vc_column_text css=\u00bb.vc_custom_1576097134929{padding-top: 15px !important;padding-right: 15px&hellip;<\/p>\n","protected":false},"author":1,"featured_media":0,"parent":0,"menu_order":0,"comment_status":"closed","ping_status":"closed","template":"","meta":{"pmpro_default_level":"","footnotes":""},"class_list":["post-5085","page","type-page","status-publish","hentry","pmpro-has-access","description-off"],"yoast_head":"<!-- This site is optimized with the Yoast SEO plugin v27.3 - https:\/\/yoast.com\/product\/yoast-seo-wordpress\/ -->\n<title>Curso WooCommerce diciembre 2019 - Cursos online Jos\u00e9 Conti<\/title>\n<meta name=\"robots\" content=\"index, follow, max-snippet:-1, max-image-preview:large, max-video-preview:-1\" \/>\n<link rel=\"canonical\" href=\"https:\/\/www.joseconti.com\/cursos-online\/curso-woocommerce-diciembre-2019\/\" \/>\n<meta property=\"og:locale\" content=\"es_ES\" \/>\n<meta property=\"og:type\" content=\"article\" \/>\n<meta property=\"og:title\" content=\"Curso WooCommerce diciembre 2019 - Cursos online Jos\u00e9 Conti\" \/>\n<meta property=\"og:description\" content=\"[vc_row full_width=\u00bbstretch_row_content_no_spaces\u00bb equal_height=\u00bbyes\u00bb content_placement=\u00bbtop\u00bb][vc_column width=\u00bb1\/3&#8243; css=\u00bb.vc_custom_1574768142024{padding-top: 50px !important;padding-right: 50px !important;padding-bottom: 50px !important;padding-left: 50px !important;background-color: #ececec !important;}\u00bb][vc_column_text css=\u00bb.vc_custom_1574768528597{padding-top: 15px !important;padding-right: 15px !important;padding-bottom: 15px !important;padding-left: 15px !important;background-color: #bfbfbf !important;}\u00bb] D\u00eda 1 [\/vc_column_text][vc_column_text]Mira la clase 1 de este curso. Duraci\u00f3n aproximada 3h[\/vc_column_text][\/vc_column][vc_column width=\u00bb1\/3&#8243; css=\u00bb.vc_custom_1574768183475{padding-top: 50px !important;padding-right: 50px !important;padding-bottom: 50px !important;padding-left: 50px !important;background-color: #fbfafa !important;}\u00bb][vc_column_text css=\u00bb.vc_custom_1576097134929{padding-top: 15px !important;padding-right: 15px&hellip;\" \/>\n<meta property=\"og:url\" content=\"https:\/\/www.joseconti.com\/cursos-online\/curso-woocommerce-diciembre-2019\/\" \/>\n<meta property=\"og:site_name\" content=\"Cursos online Jos\u00e9 Conti\" \/>\n<meta property=\"article:modified_time\" content=\"2020-01-16T23:09:59+00:00\" \/>\n<meta name=\"twitter:card\" content=\"summary_large_image\" \/>\n<meta name=\"twitter:site\" content=\"@josecontic\" \/>\n<meta name=\"twitter:label1\" content=\"Tiempo de lectura\" \/>\n\t<meta name=\"twitter:data1\" content=\"4 minutos\" \/>\n<script type=\"application\/ld+json\" class=\"yoast-schema-graph\">{\"@context\":\"https:\\\/\\\/schema.org\",\"@graph\":[{\"@type\":\"WebPage\",\"@id\":\"https:\\\/\\\/www.joseconti.com\\\/cursos-online\\\/curso-woocommerce-diciembre-2019\\\/\",\"url\":\"https:\\\/\\\/www.joseconti.com\\\/cursos-online\\\/curso-woocommerce-diciembre-2019\\\/\",\"name\":\"Curso WooCommerce diciembre 2019 - Cursos online Jos\u00e9 Conti\",\"isPartOf\":{\"@id\":\"https:\\\/\\\/www.joseconti.com\\\/cursos-online\\\/#website\"},\"datePublished\":\"2019-12-08T18:01:04+00:00\",\"dateModified\":\"2020-01-16T23:09:59+00:00\",\"breadcrumb\":{\"@id\":\"https:\\\/\\\/www.joseconti.com\\\/cursos-online\\\/curso-woocommerce-diciembre-2019\\\/#breadcrumb\"},\"inLanguage\":\"es\",\"potentialAction\":[{\"@type\":\"ReadAction\",\"target\":[\"https:\\\/\\\/www.joseconti.com\\\/cursos-online\\\/curso-woocommerce-diciembre-2019\\\/\"]}]},{\"@type\":\"BreadcrumbList\",\"@id\":\"https:\\\/\\\/www.joseconti.com\\\/cursos-online\\\/curso-woocommerce-diciembre-2019\\\/#breadcrumb\",\"itemListElement\":[{\"@type\":\"ListItem\",\"position\":1,\"name\":\"Portada\",\"item\":\"https:\\\/\\\/www.joseconti.com\\\/cursos-online\\\/\"},{\"@type\":\"ListItem\",\"position\":2,\"name\":\"Curso WooCommerce diciembre 2019\"}]},{\"@type\":\"WebSite\",\"@id\":\"https:\\\/\\\/www.joseconti.com\\\/cursos-online\\\/#website\",\"url\":\"https:\\\/\\\/www.joseconti.com\\\/cursos-online\\\/\",\"name\":\"Cursos online Jos\u00e9 Conti\",\"description\":\"Me gustar\u00eda cambiar el mundo, pero no encuentro el c\u00f3digo fuente\",\"publisher\":{\"@id\":\"https:\\\/\\\/www.joseconti.com\\\/cursos-online\\\/#\\\/schema\\\/person\\\/70180751d692bf6cd51282a0cda96a72\"},\"potentialAction\":[{\"@type\":\"SearchAction\",\"target\":{\"@type\":\"EntryPoint\",\"urlTemplate\":\"https:\\\/\\\/www.joseconti.com\\\/cursos-online\\\/?s={search_term_string}\"},\"query-input\":{\"@type\":\"PropertyValueSpecification\",\"valueRequired\":true,\"valueName\":\"search_term_string\"}}],\"inLanguage\":\"es\"},{\"@type\":[\"Person\",\"Organization\"],\"@id\":\"https:\\\/\\\/www.joseconti.com\\\/cursos-online\\\/#\\\/schema\\\/person\\\/70180751d692bf6cd51282a0cda96a72\",\"name\":\"Jos\u00e9 Conti\",\"image\":{\"@type\":\"ImageObject\",\"inLanguage\":\"es\",\"@id\":\"https:\\\/\\\/www.joseconti.com\\\/cursos-online\\\/wp-content\\\/uploads\\\/2017\\\/12\\\/logo.png\",\"url\":\"https:\\\/\\\/www.joseconti.com\\\/cursos-online\\\/wp-content\\\/uploads\\\/2017\\\/12\\\/logo.png\",\"contentUrl\":\"https:\\\/\\\/www.joseconti.com\\\/cursos-online\\\/wp-content\\\/uploads\\\/2017\\\/12\\\/logo.png\",\"width\":421,\"height\":77,\"caption\":\"Jos\u00e9 Conti\"},\"logo\":{\"@id\":\"https:\\\/\\\/www.joseconti.com\\\/cursos-online\\\/wp-content\\\/uploads\\\/2017\\\/12\\\/logo.png\"},\"description\":\"Pertenezco al equipo de traducci\u00f3n oficial de WordPress Espa\u00f1a, soy amante de WordPress por su sencillez de uso y potencial. Trabajo con WordPress desde finales de 2004, principios de 2005. Realizo mantenimientos de webs realizadas con WordPress y WooCommerce entre otras muchas cosas.\",\"sameAs\":[\"https:\\\/\\\/www.joseconti.com\",\"https:\\\/\\\/x.com\\\/josecontic\",\"https:\\\/\\\/www.youtube.com\\\/joseconti\"]}]}<\/script>\n<!-- \/ Yoast SEO plugin. -->","yoast_head_json":{"title":"Curso WooCommerce diciembre 2019 - Cursos online Jos\u00e9 Conti","robots":{"index":"index","follow":"follow","max-snippet":"max-snippet:-1","max-image-preview":"max-image-preview:large","max-video-preview":"max-video-preview:-1"},"canonical":"https:\/\/www.joseconti.com\/cursos-online\/curso-woocommerce-diciembre-2019\/","og_locale":"es_ES","og_type":"article","og_title":"Curso WooCommerce diciembre 2019 - Cursos online Jos\u00e9 Conti","og_description":"[vc_row full_width=\u00bbstretch_row_content_no_spaces\u00bb equal_height=\u00bbyes\u00bb content_placement=\u00bbtop\u00bb][vc_column width=\u00bb1\/3&#8243; css=\u00bb.vc_custom_1574768142024{padding-top: 50px !important;padding-right: 50px !important;padding-bottom: 50px !important;padding-left: 50px !important;background-color: #ececec !important;}\u00bb][vc_column_text css=\u00bb.vc_custom_1574768528597{padding-top: 15px !important;padding-right: 15px !important;padding-bottom: 15px !important;padding-left: 15px !important;background-color: #bfbfbf !important;}\u00bb] D\u00eda 1 [\/vc_column_text][vc_column_text]Mira la clase 1 de este curso. Duraci\u00f3n aproximada 3h[\/vc_column_text][\/vc_column][vc_column width=\u00bb1\/3&#8243; css=\u00bb.vc_custom_1574768183475{padding-top: 50px !important;padding-right: 50px !important;padding-bottom: 50px !important;padding-left: 50px !important;background-color: #fbfafa !important;}\u00bb][vc_column_text css=\u00bb.vc_custom_1576097134929{padding-top: 15px !important;padding-right: 15px&hellip;","og_url":"https:\/\/www.joseconti.com\/cursos-online\/curso-woocommerce-diciembre-2019\/","og_site_name":"Cursos online Jos\u00e9 Conti","article_modified_time":"2020-01-16T23:09:59+00:00","twitter_card":"summary_large_image","twitter_site":"@josecontic","twitter_misc":{"Tiempo de lectura":"4 minutos"},"schema":{"@context":"https:\/\/schema.org","@graph":[{"@type":"WebPage","@id":"https:\/\/www.joseconti.com\/cursos-online\/curso-woocommerce-diciembre-2019\/","url":"https:\/\/www.joseconti.com\/cursos-online\/curso-woocommerce-diciembre-2019\/","name":"Curso WooCommerce diciembre 2019 - Cursos online Jos\u00e9 Conti","isPartOf":{"@id":"https:\/\/www.joseconti.com\/cursos-online\/#website"},"datePublished":"2019-12-08T18:01:04+00:00","dateModified":"2020-01-16T23:09:59+00:00","breadcrumb":{"@id":"https:\/\/www.joseconti.com\/cursos-online\/curso-woocommerce-diciembre-2019\/#breadcrumb"},"inLanguage":"es","potentialAction":[{"@type":"ReadAction","target":["https:\/\/www.joseconti.com\/cursos-online\/curso-woocommerce-diciembre-2019\/"]}]},{"@type":"BreadcrumbList","@id":"https:\/\/www.joseconti.com\/cursos-online\/curso-woocommerce-diciembre-2019\/#breadcrumb","itemListElement":[{"@type":"ListItem","position":1,"name":"Portada","item":"https:\/\/www.joseconti.com\/cursos-online\/"},{"@type":"ListItem","position":2,"name":"Curso WooCommerce diciembre 2019"}]},{"@type":"WebSite","@id":"https:\/\/www.joseconti.com\/cursos-online\/#website","url":"https:\/\/www.joseconti.com\/cursos-online\/","name":"Cursos online Jos\u00e9 Conti","description":"Me gustar\u00eda cambiar el mundo, pero no encuentro el c\u00f3digo fuente","publisher":{"@id":"https:\/\/www.joseconti.com\/cursos-online\/#\/schema\/person\/70180751d692bf6cd51282a0cda96a72"},"potentialAction":[{"@type":"SearchAction","target":{"@type":"EntryPoint","urlTemplate":"https:\/\/www.joseconti.com\/cursos-online\/?s={search_term_string}"},"query-input":{"@type":"PropertyValueSpecification","valueRequired":true,"valueName":"search_term_string"}}],"inLanguage":"es"},{"@type":["Person","Organization"],"@id":"https:\/\/www.joseconti.com\/cursos-online\/#\/schema\/person\/70180751d692bf6cd51282a0cda96a72","name":"Jos\u00e9 Conti","image":{"@type":"ImageObject","inLanguage":"es","@id":"https:\/\/www.joseconti.com\/cursos-online\/wp-content\/uploads\/2017\/12\/logo.png","url":"https:\/\/www.joseconti.com\/cursos-online\/wp-content\/uploads\/2017\/12\/logo.png","contentUrl":"https:\/\/www.joseconti.com\/cursos-online\/wp-content\/uploads\/2017\/12\/logo.png","width":421,"height":77,"caption":"Jos\u00e9 Conti"},"logo":{"@id":"https:\/\/www.joseconti.com\/cursos-online\/wp-content\/uploads\/2017\/12\/logo.png"},"description":"Pertenezco al equipo de traducci\u00f3n oficial de WordPress Espa\u00f1a, soy amante de WordPress por su sencillez de uso y potencial. Trabajo con WordPress desde finales de 2004, principios de 2005. Realizo mantenimientos de webs realizadas con WordPress y WooCommerce entre otras muchas cosas.","sameAs":["https:\/\/www.joseconti.com","https:\/\/x.com\/josecontic","https:\/\/www.youtube.com\/joseconti"]}]}},"jetpack_shortlink":"https:\/\/wp.me\/P9sNL4-1k1","jetpack_sharing_enabled":true,"_links":{"self":[{"href":"https:\/\/www.joseconti.com\/cursos-online\/wp-json\/wp\/v2\/pages\/5085","targetHints":{"allow":["GET"]}}],"collection":[{"href":"https:\/\/www.joseconti.com\/cursos-online\/wp-json\/wp\/v2\/pages"}],"about":[{"href":"https:\/\/www.joseconti.com\/cursos-online\/wp-json\/wp\/v2\/types\/page"}],"author":[{"embeddable":true,"href":"https:\/\/www.joseconti.com\/cursos-online\/wp-json\/wp\/v2\/users\/1"}],"replies":[{"embeddable":true,"href":"https:\/\/www.joseconti.com\/cursos-online\/wp-json\/wp\/v2\/comments?post=5085"}],"version-history":[{"count":0,"href":"https:\/\/www.joseconti.com\/cursos-online\/wp-json\/wp\/v2\/pages\/5085\/revisions"}],"wp:attachment":[{"href":"https:\/\/www.joseconti.com\/cursos-online\/wp-json\/wp\/v2\/media?parent=5085"}],"curies":[{"name":"wp","href":"https:\/\/api.w.org\/{rel}","templated":true}]}}