{"id":6744,"date":"2020-02-16T20:24:17","date_gmt":"2020-02-16T19:24:17","guid":{"rendered":"https:\/\/www.joseconti.com\/cursos-online\/?page_id=6744"},"modified":"2020-02-16T21:15:04","modified_gmt":"2020-02-16T20:15:04","slug":"micropatrocinio","status":"publish","type":"page","link":"https:\/\/www.joseconti.com\/cursos-online\/micropatrocinio\/","title":{"rendered":"Micropatrocinio"},"content":{"rendered":"\n<figure class=\"wp-block-image size-full\"><img loading=\"lazy\" decoding=\"async\" width=\"1024\" height=\"512\" data-attachment-id=\"6746\" data-permalink=\"https:\/\/www.joseconti.com\/cursos-online\/micropatrocinio\/micropatrocina-woocommerce-redsys-gateway-light\/\" data-orig-file=\"https:\/\/www.joseconti.com\/cursos-online\/wp-content\/uploads\/2020\/02\/micropatrocina-WooCommerce-Redsys-Gateway-Light.png\" data-orig-size=\"1024,512\" data-comments-opened=\"1\" data-image-meta=\"{&quot;aperture&quot;:&quot;0&quot;,&quot;credit&quot;:&quot;&quot;,&quot;camera&quot;:&quot;&quot;,&quot;caption&quot;:&quot;&quot;,&quot;created_timestamp&quot;:&quot;0&quot;,&quot;copyright&quot;:&quot;&quot;,&quot;focal_length&quot;:&quot;0&quot;,&quot;iso&quot;:&quot;0&quot;,&quot;shutter_speed&quot;:&quot;0&quot;,&quot;title&quot;:&quot;&quot;,&quot;orientation&quot;:&quot;0&quot;}\" data-image-title=\"Micropatrocina Redsys Gateway Ligth\" data-image-description=\"\" data-image-caption=\"\" data-large-file=\"https:\/\/www.joseconti.com\/cursos-online\/wp-content\/uploads\/2020\/02\/micropatrocina-WooCommerce-Redsys-Gateway-Light.png\" src=\"https:\/\/www.joseconti.com\/cursos-online\/wp-content\/uploads\/2020\/02\/micropatrocina-WooCommerce-Redsys-Gateway-Light.png\" alt=\"Micropatrocina Redsys Gateway Ligth\" class=\"wp-image-6746\" srcset=\"https:\/\/www.joseconti.com\/cursos-online\/wp-content\/uploads\/2020\/02\/micropatrocina-WooCommerce-Redsys-Gateway-Light.png 1024w, https:\/\/www.joseconti.com\/cursos-online\/wp-content\/uploads\/2020\/02\/micropatrocina-WooCommerce-Redsys-Gateway-Light-600x300.png 600w, https:\/\/www.joseconti.com\/cursos-online\/wp-content\/uploads\/2020\/02\/micropatrocina-WooCommerce-Redsys-Gateway-Light-300x150.png 300w, https:\/\/www.joseconti.com\/cursos-online\/wp-content\/uploads\/2020\/02\/micropatrocina-WooCommerce-Redsys-Gateway-Light-768x384.png 768w\" sizes=\"auto, (max-width: 1024px) 100vw, 1024px\" \/><\/figure>\n\n\n\n<p>Agradezco mucho que hayas llegado a esta pagina, ya que eso quiere decir que te has interesado en realizar un micropatrocinio del plugin de <a rel=\"noreferrer noopener\" aria-label=\"Redsys para WooCommerce (opens in a new tab)\" href=\"https:\/\/es.wordpress.org\/plugins\/woo-redsys-gateway-light\/\" target=\"_blank\">Redsys para WooCommerce<\/a> de WordPress.org<\/p>\n\n\n\n<p>Llevo muchos a\u00f1os desarrollando y manteniendo el plugin. Gracias al plugin gratuito, m\u00e1s de 5.000 comercios de Espa\u00f1a, Portugal y Andorra, pueden disfrutar del mejor plugin gratuito para Redsys y recibir sus pagos sin problemas. Puedes realizar un micropatrocinio de dos formas diferentes, una es mediante un pago \u00fanico, y otra mediante un micropatrocinio mensual.<\/p>\n\n\n\n<p>A continuaci\u00f3n, puedes seleccionar tu forma de realizar el micropatrocinio:<\/p>\n\n\n\n<div class=\"wp-block-columns is-layout-flex wp-container-core-columns-is-layout-9d6595d7 wp-block-columns-is-layout-flex\">\n<div class=\"wp-block-column is-layout-flow wp-block-column-is-layout-flow\" style=\"flex-basis:50%\"><div data-block-name=\"woocommerce\/handpicked-products\" data-columns=\"1\" data-edit-mode=\"false\" data-products=\"[6725]\" class=\"wc-block-grid wp-block-handpicked-products wp-block-woocommerce-handpicked-products wc-block-handpicked-products has-1-columns has-multiple-rows\"><ul class=\"wc-block-grid__products\"><li class=\"wc-block-grid__product\">\n\t\t\t\t<a href=\"https:\/\/www.joseconti.com\/cursos-online\/tienda\/micro-patrocinio\/\" class=\"wc-block-grid__product-link\">\n\t\t\t\t\t\n\t\t\t\t\t<div class=\"wc-block-grid__product-image\"><img loading=\"lazy\" decoding=\"async\" width=\"300\" height=\"300\" src=\"https:\/\/www.joseconti.com\/cursos-online\/wp-content\/uploads\/2020\/02\/micropatrocinio-unico-redsys-300x300.png\" class=\"attachment-woocommerce_thumbnail size-woocommerce_thumbnail\" alt=\"Micropatrocinio \u00fanico Redsys\" srcset=\"https:\/\/www.joseconti.com\/cursos-online\/wp-content\/uploads\/2020\/02\/micropatrocinio-unico-redsys-300x300.png 300w, https:\/\/www.joseconti.com\/cursos-online\/wp-content\/uploads\/2020\/02\/micropatrocinio-unico-redsys-200x200.png 200w, https:\/\/www.joseconti.com\/cursos-online\/wp-content\/uploads\/2020\/02\/micropatrocinio-unico-redsys-600x600.png 600w, https:\/\/www.joseconti.com\/cursos-online\/wp-content\/uploads\/2020\/02\/micropatrocinio-unico-redsys.png 1024w, https:\/\/www.joseconti.com\/cursos-online\/wp-content\/uploads\/2020\/02\/micropatrocinio-unico-redsys-150x150.png 150w, https:\/\/www.joseconti.com\/cursos-online\/wp-content\/uploads\/2020\/02\/micropatrocinio-unico-redsys-768x768.png 768w\" sizes=\"auto, (max-width: 300px) 100vw, 300px\" data-attachment-id=\"6749\" data-permalink=\"https:\/\/www.joseconti.com\/cursos-online\/?attachment_id=6749\" data-orig-file=\"https:\/\/www.joseconti.com\/cursos-online\/wp-content\/uploads\/2020\/02\/micropatrocinio-unico-redsys.png\" data-orig-size=\"1024,1024\" data-comments-opened=\"1\" data-image-meta=\"{&quot;aperture&quot;:&quot;0&quot;,&quot;credit&quot;:&quot;&quot;,&quot;camera&quot;:&quot;&quot;,&quot;caption&quot;:&quot;&quot;,&quot;created_timestamp&quot;:&quot;0&quot;,&quot;copyright&quot;:&quot;&quot;,&quot;focal_length&quot;:&quot;0&quot;,&quot;iso&quot;:&quot;0&quot;,&quot;shutter_speed&quot;:&quot;0&quot;,&quot;title&quot;:&quot;&quot;,&quot;orientation&quot;:&quot;0&quot;}\" data-image-title=\"Micropatrocinio \u00fanico Redsys\" data-image-description=\"\" data-image-caption=\"\" data-large-file=\"https:\/\/www.joseconti.com\/cursos-online\/wp-content\/uploads\/2020\/02\/micropatrocinio-unico-redsys-1024x1024.png\" \/><\/div>\n\t\t\t\t\t<div class=\"wc-block-grid__product-title\">Micropatrocinio \u00fanico<\/div>\n\t\t\t\t<\/a>\n\t\t\t\t<div class=\"wc-block-grid__product-price price\"><span class=\"woocommerce-Price-amount amount\" aria-hidden=\"true\">5,00<span class=\"woocommerce-Price-currencySymbol\">&euro;<\/span><\/span> <span aria-hidden=\"true\">&#8211;<\/span> <span class=\"woocommerce-Price-amount amount\" aria-hidden=\"true\">60,00<span class=\"woocommerce-Price-currencySymbol\">&euro;<\/span><\/span><span class=\"screen-reader-text\">Rango de precios: desde 5,00&euro; hasta 60,00&euro;<\/span><\/div>\n\t\t\t\t\n\t\t\t\t<div class=\"wp-block-button wc-block-grid__product-add-to-cart\"><a href=\"https:\/\/www.joseconti.com\/cursos-online\/tienda\/micro-patrocinio\/\" aria-label=\"Elige las opciones para &ldquo;Micropatrocinio \u00fanico&rdquo;\" data-quantity=\"1\" data-product_id=\"6725\" data-product_sku=\"\" data-price=\"5\" rel=\"nofollow\" class=\"wp-block-button__link  add_to_cart_button\">Seleccionar opciones<\/a><\/div>\n\t\t\t<\/li><\/ul><\/div><\/div>\n\n\n\n<div class=\"wp-block-column is-layout-flow wp-block-column-is-layout-flow\" style=\"flex-basis:50%\"><div data-block-name=\"woocommerce\/handpicked-products\" data-columns=\"1\" data-edit-mode=\"false\" data-products=\"[6735]\" class=\"wc-block-grid wp-block-handpicked-products wp-block-woocommerce-handpicked-products wc-block-handpicked-products has-1-columns has-multiple-rows\"><ul class=\"wc-block-grid__products\"><li class=\"wc-block-grid__product\">\n\t\t\t\t<a href=\"https:\/\/www.joseconti.com\/cursos-online\/tienda\/micropatrocinio-mensual\/\" class=\"wc-block-grid__product-link\">\n\t\t\t\t\t\n\t\t\t\t\t<div class=\"wc-block-grid__product-image\"><img loading=\"lazy\" decoding=\"async\" width=\"300\" height=\"300\" src=\"https:\/\/www.joseconti.com\/cursos-online\/wp-content\/uploads\/2020\/02\/micropatrocinio-mensual-redsys-300x300.png\" class=\"attachment-woocommerce_thumbnail size-woocommerce_thumbnail\" alt=\"Micropatrocinio mensual Redsys\" srcset=\"https:\/\/www.joseconti.com\/cursos-online\/wp-content\/uploads\/2020\/02\/micropatrocinio-mensual-redsys-300x300.png 300w, https:\/\/www.joseconti.com\/cursos-online\/wp-content\/uploads\/2020\/02\/micropatrocinio-mensual-redsys-200x200.png 200w, https:\/\/www.joseconti.com\/cursos-online\/wp-content\/uploads\/2020\/02\/micropatrocinio-mensual-redsys-600x600.png 600w, https:\/\/www.joseconti.com\/cursos-online\/wp-content\/uploads\/2020\/02\/micropatrocinio-mensual-redsys.png 1024w, https:\/\/www.joseconti.com\/cursos-online\/wp-content\/uploads\/2020\/02\/micropatrocinio-mensual-redsys-150x150.png 150w, https:\/\/www.joseconti.com\/cursos-online\/wp-content\/uploads\/2020\/02\/micropatrocinio-mensual-redsys-768x768.png 768w\" sizes=\"auto, (max-width: 300px) 100vw, 300px\" data-attachment-id=\"6750\" data-permalink=\"https:\/\/www.joseconti.com\/cursos-online\/?attachment_id=6750\" data-orig-file=\"https:\/\/www.joseconti.com\/cursos-online\/wp-content\/uploads\/2020\/02\/micropatrocinio-mensual-redsys.png\" data-orig-size=\"1024,1024\" data-comments-opened=\"1\" data-image-meta=\"{&quot;aperture&quot;:&quot;0&quot;,&quot;credit&quot;:&quot;&quot;,&quot;camera&quot;:&quot;&quot;,&quot;caption&quot;:&quot;&quot;,&quot;created_timestamp&quot;:&quot;0&quot;,&quot;copyright&quot;:&quot;&quot;,&quot;focal_length&quot;:&quot;0&quot;,&quot;iso&quot;:&quot;0&quot;,&quot;shutter_speed&quot;:&quot;0&quot;,&quot;title&quot;:&quot;&quot;,&quot;orientation&quot;:&quot;0&quot;}\" data-image-title=\"Micropatrocinio mensual Redsys\" data-image-description=\"\" data-image-caption=\"\" data-large-file=\"https:\/\/www.joseconti.com\/cursos-online\/wp-content\/uploads\/2020\/02\/micropatrocinio-mensual-redsys-1024x1024.png\" \/><\/div>\n\t\t\t\t\t<div class=\"wc-block-grid__product-title\">Micropatrocinio mensual<\/div>\n\t\t\t\t<\/a>\n\t\t\t\t<div class=\"wc-block-grid__product-price price\"><span class=\"woocommerce-Price-amount amount\" aria-hidden=\"true\">1,00<span class=\"woocommerce-Price-currencySymbol\">&euro;<\/span><\/span> <span aria-hidden=\"true\">&#8211;<\/span> <span class=\"woocommerce-Price-amount amount\" aria-hidden=\"true\">5,00<span class=\"woocommerce-Price-currencySymbol\">&euro;<\/span><\/span><span class=\"screen-reader-text\">Rango de precios: desde 1,00&euro; hasta 5,00&euro;<\/span> <span class=\"subscription-details\"> \/ mes<\/span><\/div>\n\t\t\t\t\n\t\t\t\t<div class=\"wp-block-button wc-block-grid__product-add-to-cart\"><a href=\"https:\/\/www.joseconti.com\/cursos-online\/tienda\/micropatrocinio-mensual\/\" aria-label=\"Elige las opciones para &ldquo;Micropatrocinio mensual&rdquo;\" data-quantity=\"1\" data-product_id=\"6735\" data-product_sku=\"\" data-price=\"1\" rel=\"nofollow\" class=\"wp-block-button__link  add_to_cart_button\">Seleccionar opciones<\/a><\/div>\n\t\t\t<\/li><\/ul><\/div><\/div>\n<\/div>\n\n\n\n<p>\u00bfPor qu\u00e9 no puedo micropatrocinar con m\u00e1s cantidad? Porque en el caso en que donaras una cantidad superior, estarias superando el precio del plugin premium de WooCommerce.com, por lo que no tendr\u00eda ning\u00fan sentido.<\/p>\n","protected":false},"excerpt":{"rendered":"<p>Agradezco mucho que hayas llegado a esta pagina, ya que eso quiere decir que te has interesado en realizar un micropatrocinio del plugin de Redsys para WooCommerce de WordPress.org Llevo muchos a\u00f1os desarrollando y manteniendo el plugin. Gracias al plugin gratuito, m\u00e1s de 5.000 comercios de Espa\u00f1a, Portugal y Andorra, pueden disfrutar del mejor plugin&hellip;<\/p>\n","protected":false},"author":1,"featured_media":6746,"parent":0,"menu_order":0,"comment_status":"closed","ping_status":"closed","template":"","meta":{"pmpro_default_level":"","footnotes":""},"class_list":["post-6744","page","type-page","status-publish","has-post-thumbnail","hentry","pmpro-has-access","description-off"],"yoast_head":"<!-- This site is optimized with the Yoast SEO plugin v27.3 - https:\/\/yoast.com\/product\/yoast-seo-wordpress\/ -->\n<title>Micropatrocinio - Cursos online Jos\u00e9 Conti<\/title>\n<meta name=\"description\" content=\"Realiza un micropatrocinio por el plugin de Redsys de WordPress.org. Es la mejor forma de dar soporte al plugin.\" \/>\n<meta name=\"robots\" content=\"index, follow, max-snippet:-1, max-image-preview:large, max-video-preview:-1\" \/>\n<link rel=\"canonical\" href=\"https:\/\/www.joseconti.com\/cursos-online\/micropatrocinio\/\" \/>\n<meta property=\"og:locale\" content=\"es_ES\" \/>\n<meta property=\"og:type\" content=\"article\" \/>\n<meta property=\"og:title\" content=\"Micropatrocinio del plugin gratuito de Redsys\" \/>\n<meta property=\"og:description\" content=\"Micropatrocina el plugin gratuito de Redsys. La mejor forma de dar soporte al desarrollador.\" \/>\n<meta property=\"og:url\" content=\"https:\/\/www.joseconti.com\/cursos-online\/micropatrocinio\/\" \/>\n<meta property=\"og:site_name\" content=\"Cursos online Jos\u00e9 Conti\" \/>\n<meta property=\"article:modified_time\" content=\"2020-02-16T20:15:04+00:00\" \/>\n<meta property=\"og:image\" content=\"https:\/\/www.joseconti.com\/cursos-online\/wp-content\/uploads\/2020\/02\/micropatrocina-WooCommerce-Redsys-Gateway-Light.png\" \/>\n\t<meta property=\"og:image:width\" content=\"1024\" \/>\n\t<meta property=\"og:image:height\" content=\"512\" \/>\n\t<meta property=\"og:image:type\" content=\"image\/png\" \/>\n<meta name=\"twitter:card\" content=\"summary_large_image\" \/>\n<meta name=\"twitter:title\" content=\"Micropatrocinio del plugin gratuito de Redsys\" \/>\n<meta name=\"twitter:description\" content=\"Micropatrocina el plugin gratuito de Redsys. La mejor forma de dar soporte al desarrollador.\" \/>\n<meta name=\"twitter:image\" content=\"https:\/\/www.joseconti.com\/cursos-online\/wp-content\/uploads\/2020\/02\/micropatrocina-WooCommerce-Redsys-Gateway-Light.png\" \/>\n<meta name=\"twitter:site\" content=\"@josecontic\" \/>\n<meta name=\"twitter:label1\" content=\"Tiempo de lectura\" \/>\n\t<meta name=\"twitter:data1\" content=\"1 minuto\" \/>\n<script type=\"application\/ld+json\" class=\"yoast-schema-graph\">{\"@context\":\"https:\\\/\\\/schema.org\",\"@graph\":[{\"@type\":\"WebPage\",\"@id\":\"https:\\\/\\\/www.joseconti.com\\\/cursos-online\\\/micropatrocinio\\\/\",\"url\":\"https:\\\/\\\/www.joseconti.com\\\/cursos-online\\\/micropatrocinio\\\/\",\"name\":\"Micropatrocinio - Cursos online Jos\u00e9 Conti\",\"isPartOf\":{\"@id\":\"https:\\\/\\\/www.joseconti.com\\\/cursos-online\\\/#website\"},\"primaryImageOfPage\":{\"@id\":\"https:\\\/\\\/www.joseconti.com\\\/cursos-online\\\/micropatrocinio\\\/#primaryimage\"},\"image\":{\"@id\":\"https:\\\/\\\/www.joseconti.com\\\/cursos-online\\\/micropatrocinio\\\/#primaryimage\"},\"thumbnailUrl\":\"https:\\\/\\\/www.joseconti.com\\\/cursos-online\\\/wp-content\\\/uploads\\\/2020\\\/02\\\/micropatrocina-WooCommerce-Redsys-Gateway-Light.png\",\"datePublished\":\"2020-02-16T19:24:17+00:00\",\"dateModified\":\"2020-02-16T20:15:04+00:00\",\"description\":\"Realiza un micropatrocinio por el plugin de Redsys de WordPress.org. Es la mejor forma de dar soporte al plugin.\",\"breadcrumb\":{\"@id\":\"https:\\\/\\\/www.joseconti.com\\\/cursos-online\\\/micropatrocinio\\\/#breadcrumb\"},\"inLanguage\":\"es\",\"potentialAction\":[{\"@type\":\"ReadAction\",\"target\":[\"https:\\\/\\\/www.joseconti.com\\\/cursos-online\\\/micropatrocinio\\\/\"]}]},{\"@type\":\"ImageObject\",\"inLanguage\":\"es\",\"@id\":\"https:\\\/\\\/www.joseconti.com\\\/cursos-online\\\/micropatrocinio\\\/#primaryimage\",\"url\":\"https:\\\/\\\/www.joseconti.com\\\/cursos-online\\\/wp-content\\\/uploads\\\/2020\\\/02\\\/micropatrocina-WooCommerce-Redsys-Gateway-Light.png\",\"contentUrl\":\"https:\\\/\\\/www.joseconti.com\\\/cursos-online\\\/wp-content\\\/uploads\\\/2020\\\/02\\\/micropatrocina-WooCommerce-Redsys-Gateway-Light.png\",\"width\":1024,\"height\":512,\"caption\":\"Micropatrocina Redsys Gateway Ligth\"},{\"@type\":\"BreadcrumbList\",\"@id\":\"https:\\\/\\\/www.joseconti.com\\\/cursos-online\\\/micropatrocinio\\\/#breadcrumb\",\"itemListElement\":[{\"@type\":\"ListItem\",\"position\":1,\"name\":\"Portada\",\"item\":\"https:\\\/\\\/www.joseconti.com\\\/cursos-online\\\/\"},{\"@type\":\"ListItem\",\"position\":2,\"name\":\"Micropatrocinio\"}]},{\"@type\":\"WebSite\",\"@id\":\"https:\\\/\\\/www.joseconti.com\\\/cursos-online\\\/#website\",\"url\":\"https:\\\/\\\/www.joseconti.com\\\/cursos-online\\\/\",\"name\":\"Cursos online Jos\u00e9 Conti\",\"description\":\"Me gustar\u00eda cambiar el mundo, pero no encuentro el c\u00f3digo fuente\",\"publisher\":{\"@id\":\"https:\\\/\\\/www.joseconti.com\\\/cursos-online\\\/#\\\/schema\\\/person\\\/70180751d692bf6cd51282a0cda96a72\"},\"potentialAction\":[{\"@type\":\"SearchAction\",\"target\":{\"@type\":\"EntryPoint\",\"urlTemplate\":\"https:\\\/\\\/www.joseconti.com\\\/cursos-online\\\/?s={search_term_string}\"},\"query-input\":{\"@type\":\"PropertyValueSpecification\",\"valueRequired\":true,\"valueName\":\"search_term_string\"}}],\"inLanguage\":\"es\"},{\"@type\":[\"Person\",\"Organization\"],\"@id\":\"https:\\\/\\\/www.joseconti.com\\\/cursos-online\\\/#\\\/schema\\\/person\\\/70180751d692bf6cd51282a0cda96a72\",\"name\":\"Jos\u00e9 Conti\",\"image\":{\"@type\":\"ImageObject\",\"inLanguage\":\"es\",\"@id\":\"https:\\\/\\\/www.joseconti.com\\\/cursos-online\\\/wp-content\\\/uploads\\\/2017\\\/12\\\/logo.png\",\"url\":\"https:\\\/\\\/www.joseconti.com\\\/cursos-online\\\/wp-content\\\/uploads\\\/2017\\\/12\\\/logo.png\",\"contentUrl\":\"https:\\\/\\\/www.joseconti.com\\\/cursos-online\\\/wp-content\\\/uploads\\\/2017\\\/12\\\/logo.png\",\"width\":421,\"height\":77,\"caption\":\"Jos\u00e9 Conti\"},\"logo\":{\"@id\":\"https:\\\/\\\/www.joseconti.com\\\/cursos-online\\\/wp-content\\\/uploads\\\/2017\\\/12\\\/logo.png\"},\"description\":\"Pertenezco al equipo de traducci\u00f3n oficial de WordPress Espa\u00f1a, soy amante de WordPress por su sencillez de uso y potencial. Trabajo con WordPress desde finales de 2004, principios de 2005. Realizo mantenimientos de webs realizadas con WordPress y WooCommerce entre otras muchas cosas.\",\"sameAs\":[\"https:\\\/\\\/www.joseconti.com\",\"https:\\\/\\\/x.com\\\/josecontic\",\"https:\\\/\\\/www.youtube.com\\\/joseconti\"]}]}<\/script>\n<!-- \/ Yoast SEO plugin. -->","yoast_head_json":{"title":"Micropatrocinio - Cursos online Jos\u00e9 Conti","description":"Realiza un micropatrocinio por el plugin de Redsys de WordPress.org. Es la mejor forma de dar soporte al plugin.","robots":{"index":"index","follow":"follow","max-snippet":"max-snippet:-1","max-image-preview":"max-image-preview:large","max-video-preview":"max-video-preview:-1"},"canonical":"https:\/\/www.joseconti.com\/cursos-online\/micropatrocinio\/","og_locale":"es_ES","og_type":"article","og_title":"Micropatrocinio del plugin gratuito de Redsys","og_description":"Micropatrocina el plugin gratuito de Redsys. La mejor forma de dar soporte al desarrollador.","og_url":"https:\/\/www.joseconti.com\/cursos-online\/micropatrocinio\/","og_site_name":"Cursos online Jos\u00e9 Conti","article_modified_time":"2020-02-16T20:15:04+00:00","og_image":[{"width":1024,"height":512,"url":"https:\/\/www.joseconti.com\/cursos-online\/wp-content\/uploads\/2020\/02\/micropatrocina-WooCommerce-Redsys-Gateway-Light.png","type":"image\/png"}],"twitter_card":"summary_large_image","twitter_title":"Micropatrocinio del plugin gratuito de Redsys","twitter_description":"Micropatrocina el plugin gratuito de Redsys. La mejor forma de dar soporte al desarrollador.","twitter_image":"https:\/\/www.joseconti.com\/cursos-online\/wp-content\/uploads\/2020\/02\/micropatrocina-WooCommerce-Redsys-Gateway-Light.png","twitter_site":"@josecontic","twitter_misc":{"Tiempo de lectura":"1 minuto"},"schema":{"@context":"https:\/\/schema.org","@graph":[{"@type":"WebPage","@id":"https:\/\/www.joseconti.com\/cursos-online\/micropatrocinio\/","url":"https:\/\/www.joseconti.com\/cursos-online\/micropatrocinio\/","name":"Micropatrocinio - Cursos online Jos\u00e9 Conti","isPartOf":{"@id":"https:\/\/www.joseconti.com\/cursos-online\/#website"},"primaryImageOfPage":{"@id":"https:\/\/www.joseconti.com\/cursos-online\/micropatrocinio\/#primaryimage"},"image":{"@id":"https:\/\/www.joseconti.com\/cursos-online\/micropatrocinio\/#primaryimage"},"thumbnailUrl":"https:\/\/www.joseconti.com\/cursos-online\/wp-content\/uploads\/2020\/02\/micropatrocina-WooCommerce-Redsys-Gateway-Light.png","datePublished":"2020-02-16T19:24:17+00:00","dateModified":"2020-02-16T20:15:04+00:00","description":"Realiza un micropatrocinio por el plugin de Redsys de WordPress.org. Es la mejor forma de dar soporte al plugin.","breadcrumb":{"@id":"https:\/\/www.joseconti.com\/cursos-online\/micropatrocinio\/#breadcrumb"},"inLanguage":"es","potentialAction":[{"@type":"ReadAction","target":["https:\/\/www.joseconti.com\/cursos-online\/micropatrocinio\/"]}]},{"@type":"ImageObject","inLanguage":"es","@id":"https:\/\/www.joseconti.com\/cursos-online\/micropatrocinio\/#primaryimage","url":"https:\/\/www.joseconti.com\/cursos-online\/wp-content\/uploads\/2020\/02\/micropatrocina-WooCommerce-Redsys-Gateway-Light.png","contentUrl":"https:\/\/www.joseconti.com\/cursos-online\/wp-content\/uploads\/2020\/02\/micropatrocina-WooCommerce-Redsys-Gateway-Light.png","width":1024,"height":512,"caption":"Micropatrocina Redsys Gateway Ligth"},{"@type":"BreadcrumbList","@id":"https:\/\/www.joseconti.com\/cursos-online\/micropatrocinio\/#breadcrumb","itemListElement":[{"@type":"ListItem","position":1,"name":"Portada","item":"https:\/\/www.joseconti.com\/cursos-online\/"},{"@type":"ListItem","position":2,"name":"Micropatrocinio"}]},{"@type":"WebSite","@id":"https:\/\/www.joseconti.com\/cursos-online\/#website","url":"https:\/\/www.joseconti.com\/cursos-online\/","name":"Cursos online Jos\u00e9 Conti","description":"Me gustar\u00eda cambiar el mundo, pero no encuentro el c\u00f3digo fuente","publisher":{"@id":"https:\/\/www.joseconti.com\/cursos-online\/#\/schema\/person\/70180751d692bf6cd51282a0cda96a72"},"potentialAction":[{"@type":"SearchAction","target":{"@type":"EntryPoint","urlTemplate":"https:\/\/www.joseconti.com\/cursos-online\/?s={search_term_string}"},"query-input":{"@type":"PropertyValueSpecification","valueRequired":true,"valueName":"search_term_string"}}],"inLanguage":"es"},{"@type":["Person","Organization"],"@id":"https:\/\/www.joseconti.com\/cursos-online\/#\/schema\/person\/70180751d692bf6cd51282a0cda96a72","name":"Jos\u00e9 Conti","image":{"@type":"ImageObject","inLanguage":"es","@id":"https:\/\/www.joseconti.com\/cursos-online\/wp-content\/uploads\/2017\/12\/logo.png","url":"https:\/\/www.joseconti.com\/cursos-online\/wp-content\/uploads\/2017\/12\/logo.png","contentUrl":"https:\/\/www.joseconti.com\/cursos-online\/wp-content\/uploads\/2017\/12\/logo.png","width":421,"height":77,"caption":"Jos\u00e9 Conti"},"logo":{"@id":"https:\/\/www.joseconti.com\/cursos-online\/wp-content\/uploads\/2017\/12\/logo.png"},"description":"Pertenezco al equipo de traducci\u00f3n oficial de WordPress Espa\u00f1a, soy amante de WordPress por su sencillez de uso y potencial. Trabajo con WordPress desde finales de 2004, principios de 2005. Realizo mantenimientos de webs realizadas con WordPress y WooCommerce entre otras muchas cosas.","sameAs":["https:\/\/www.joseconti.com","https:\/\/x.com\/josecontic","https:\/\/www.youtube.com\/joseconti"]}]}},"jetpack_shortlink":"https:\/\/wp.me\/P9sNL4-1KM","jetpack_sharing_enabled":true,"_links":{"self":[{"href":"https:\/\/www.joseconti.com\/cursos-online\/wp-json\/wp\/v2\/pages\/6744","targetHints":{"allow":["GET"]}}],"collection":[{"href":"https:\/\/www.joseconti.com\/cursos-online\/wp-json\/wp\/v2\/pages"}],"about":[{"href":"https:\/\/www.joseconti.com\/cursos-online\/wp-json\/wp\/v2\/types\/page"}],"author":[{"embeddable":true,"href":"https:\/\/www.joseconti.com\/cursos-online\/wp-json\/wp\/v2\/users\/1"}],"replies":[{"embeddable":true,"href":"https:\/\/www.joseconti.com\/cursos-online\/wp-json\/wp\/v2\/comments?post=6744"}],"version-history":[{"count":0,"href":"https:\/\/www.joseconti.com\/cursos-online\/wp-json\/wp\/v2\/pages\/6744\/revisions"}],"wp:featuredmedia":[{"embeddable":true,"href":"https:\/\/www.joseconti.com\/cursos-online\/wp-json\/wp\/v2\/media\/6746"}],"wp:attachment":[{"href":"https:\/\/www.joseconti.com\/cursos-online\/wp-json\/wp\/v2\/media?parent=6744"}],"curies":[{"name":"wp","href":"https:\/\/api.w.org\/{rel}","templated":true}]}}