{"id":6735,"date":"2020-02-16T14:24:15","date_gmt":"2020-02-16T13:24:15","guid":{"rendered":"https:\/\/www.joseconti.com\/cursos-online\/?post_type=product&#038;p=6735"},"modified":"2020-02-16T20:53:26","modified_gmt":"2020-02-16T19:53:26","slug":"micropatrocinio-mensual","status":"publish","type":"product","link":"https:\/\/www.joseconti.com\/cursos-online\/tienda\/micropatrocinio-mensual\/","title":{"rendered":"Micropatrocinio mensual"},"content":{"rendered":"","protected":false},"excerpt":{"rendered":"<p>Mircropatrocinio mensual de plugin gratuito de Redsys de WordPress.org. Selecciona la aportaci\u00f3n mensual al desarrollo que deseas hacer. Si deseas realizar un micropatrocinio \u00fanico, ve a <a href=\"https:\/\/www.joseconti.com\/cursos-online\/tienda\/micro-patrocinio\/\">esta p\u00e1gina<\/a>.<\/p>\n","protected":false},"featured_media":6750,"comment_status":"open","ping_status":"closed","template":"","meta":{"pmpro_default_level":""},"product_brand":[],"product_cat":[47],"product_tag":[],"class_list":{"0":"post-6735","1":"product","2":"type-product","3":"status-publish","4":"has-post-thumbnail","6":"product_cat-micropatrocinios","7":"pmpro-has-access","8":"description-off","10":"first","11":"instock","12":"purchasable","13":"product-type-variable-subscription"},"yoast_head":"<!-- This site is optimized with the Yoast SEO plugin v27.3 - https:\/\/yoast.com\/product\/yoast-seo-wordpress\/ -->\n<title>Micropatrocinio mensual - Cursos online Jos\u00e9 Conti<\/title>\n<meta name=\"robots\" content=\"index, follow, max-snippet:-1, max-image-preview:large, max-video-preview:-1\" \/>\n<link rel=\"canonical\" href=\"https:\/\/www.joseconti.com\/cursos-online\/tienda\/micropatrocinio-mensual\/\" \/>\n<meta property=\"og:locale\" content=\"es_ES\" \/>\n<meta property=\"og:type\" content=\"article\" \/>\n<meta property=\"og:title\" content=\"Micropatrocinio mensual - Cursos online Jos\u00e9 Conti\" \/>\n<meta property=\"og:description\" content=\"Mircropatrocinio mensual de plugin gratuito de Redsys de WordPress.org. Selecciona la aportaci\u00f3n mensual al desarrollo que deseas hacer. Si deseas realizar un micropatrocinio \u00fanico, ve a esta p\u00e1gina.\" \/>\n<meta property=\"og:url\" content=\"https:\/\/www.joseconti.com\/cursos-online\/tienda\/micropatrocinio-mensual\/\" \/>\n<meta property=\"og:site_name\" content=\"Cursos online Jos\u00e9 Conti\" \/>\n<meta property=\"article:modified_time\" content=\"2020-02-16T19:53:26+00:00\" \/>\n<meta property=\"og:image\" content=\"https:\/\/www.joseconti.com\/cursos-online\/wp-content\/uploads\/2020\/02\/micropatrocinio-mensual-redsys.png\" \/>\n\t<meta property=\"og:image:width\" content=\"1024\" \/>\n\t<meta property=\"og:image:height\" content=\"1024\" \/>\n\t<meta property=\"og:image:type\" content=\"image\/png\" \/>\n<meta name=\"twitter:card\" content=\"summary_large_image\" \/>\n<meta name=\"twitter:site\" content=\"@josecontic\" \/>\n<script type=\"application\/ld+json\" class=\"yoast-schema-graph\">{\"@context\":\"https:\\\/\\\/schema.org\",\"@graph\":[{\"@type\":\"WebPage\",\"@id\":\"https:\\\/\\\/www.joseconti.com\\\/cursos-online\\\/tienda\\\/micropatrocinio-mensual\\\/\",\"url\":\"https:\\\/\\\/www.joseconti.com\\\/cursos-online\\\/tienda\\\/micropatrocinio-mensual\\\/\",\"name\":\"Micropatrocinio mensual - Cursos online Jos\u00e9 Conti\",\"isPartOf\":{\"@id\":\"https:\\\/\\\/www.joseconti.com\\\/cursos-online\\\/#website\"},\"primaryImageOfPage\":{\"@id\":\"https:\\\/\\\/www.joseconti.com\\\/cursos-online\\\/tienda\\\/micropatrocinio-mensual\\\/#primaryimage\"},\"image\":{\"@id\":\"https:\\\/\\\/www.joseconti.com\\\/cursos-online\\\/tienda\\\/micropatrocinio-mensual\\\/#primaryimage\"},\"thumbnailUrl\":\"https:\\\/\\\/www.joseconti.com\\\/cursos-online\\\/wp-content\\\/uploads\\\/2020\\\/02\\\/micropatrocinio-mensual-redsys.png\",\"datePublished\":\"2020-02-16T13:24:15+00:00\",\"dateModified\":\"2020-02-16T19:53:26+00:00\",\"breadcrumb\":{\"@id\":\"https:\\\/\\\/www.joseconti.com\\\/cursos-online\\\/tienda\\\/micropatrocinio-mensual\\\/#breadcrumb\"},\"inLanguage\":\"es\",\"potentialAction\":[{\"@type\":\"ReadAction\",\"target\":[\"https:\\\/\\\/www.joseconti.com\\\/cursos-online\\\/tienda\\\/micropatrocinio-mensual\\\/\"]}]},{\"@type\":\"ImageObject\",\"inLanguage\":\"es\",\"@id\":\"https:\\\/\\\/www.joseconti.com\\\/cursos-online\\\/tienda\\\/micropatrocinio-mensual\\\/#primaryimage\",\"url\":\"https:\\\/\\\/www.joseconti.com\\\/cursos-online\\\/wp-content\\\/uploads\\\/2020\\\/02\\\/micropatrocinio-mensual-redsys.png\",\"contentUrl\":\"https:\\\/\\\/www.joseconti.com\\\/cursos-online\\\/wp-content\\\/uploads\\\/2020\\\/02\\\/micropatrocinio-mensual-redsys.png\",\"width\":1024,\"height\":1024,\"caption\":\"Micropatrocinio mensual Redsys\"},{\"@type\":\"BreadcrumbList\",\"@id\":\"https:\\\/\\\/www.joseconti.com\\\/cursos-online\\\/tienda\\\/micropatrocinio-mensual\\\/#breadcrumb\",\"itemListElement\":[{\"@type\":\"ListItem\",\"position\":1,\"name\":\"Portada\",\"item\":\"https:\\\/\\\/www.joseconti.com\\\/cursos-online\\\/\"},{\"@type\":\"ListItem\",\"position\":2,\"name\":\"Tienda\",\"item\":\"https:\\\/\\\/www.joseconti.com\\\/cursos-online\\\/tienda\\\/\"},{\"@type\":\"ListItem\",\"position\":3,\"name\":\"Micropatrocinio mensual\"}]},{\"@type\":\"WebSite\",\"@id\":\"https:\\\/\\\/www.joseconti.com\\\/cursos-online\\\/#website\",\"url\":\"https:\\\/\\\/www.joseconti.com\\\/cursos-online\\\/\",\"name\":\"Cursos online Jos\u00e9 Conti\",\"description\":\"Me gustar\u00eda cambiar el mundo, pero no encuentro el c\u00f3digo fuente\",\"publisher\":{\"@id\":\"https:\\\/\\\/www.joseconti.com\\\/cursos-online\\\/#\\\/schema\\\/person\\\/70180751d692bf6cd51282a0cda96a72\"},\"potentialAction\":[{\"@type\":\"SearchAction\",\"target\":{\"@type\":\"EntryPoint\",\"urlTemplate\":\"https:\\\/\\\/www.joseconti.com\\\/cursos-online\\\/?s={search_term_string}\"},\"query-input\":{\"@type\":\"PropertyValueSpecification\",\"valueRequired\":true,\"valueName\":\"search_term_string\"}}],\"inLanguage\":\"es\"},{\"@type\":[\"Person\",\"Organization\"],\"@id\":\"https:\\\/\\\/www.joseconti.com\\\/cursos-online\\\/#\\\/schema\\\/person\\\/70180751d692bf6cd51282a0cda96a72\",\"name\":\"Jos\u00e9 Conti\",\"image\":{\"@type\":\"ImageObject\",\"inLanguage\":\"es\",\"@id\":\"https:\\\/\\\/www.joseconti.com\\\/cursos-online\\\/wp-content\\\/uploads\\\/2017\\\/12\\\/logo.png\",\"url\":\"https:\\\/\\\/www.joseconti.com\\\/cursos-online\\\/wp-content\\\/uploads\\\/2017\\\/12\\\/logo.png\",\"contentUrl\":\"https:\\\/\\\/www.joseconti.com\\\/cursos-online\\\/wp-content\\\/uploads\\\/2017\\\/12\\\/logo.png\",\"width\":421,\"height\":77,\"caption\":\"Jos\u00e9 Conti\"},\"logo\":{\"@id\":\"https:\\\/\\\/www.joseconti.com\\\/cursos-online\\\/wp-content\\\/uploads\\\/2017\\\/12\\\/logo.png\"},\"description\":\"Pertenezco al equipo de traducci\u00f3n oficial de WordPress Espa\u00f1a, soy amante de WordPress por su sencillez de uso y potencial. Trabajo con WordPress desde finales de 2004, principios de 2005. Realizo mantenimientos de webs realizadas con WordPress y WooCommerce entre otras muchas cosas.\",\"sameAs\":[\"https:\\\/\\\/www.joseconti.com\",\"https:\\\/\\\/x.com\\\/josecontic\",\"https:\\\/\\\/www.youtube.com\\\/joseconti\"]}]}<\/script>\n<!-- \/ Yoast SEO plugin. -->","yoast_head_json":{"title":"Micropatrocinio mensual - Cursos online Jos\u00e9 Conti","robots":{"index":"index","follow":"follow","max-snippet":"max-snippet:-1","max-image-preview":"max-image-preview:large","max-video-preview":"max-video-preview:-1"},"canonical":"https:\/\/www.joseconti.com\/cursos-online\/tienda\/micropatrocinio-mensual\/","og_locale":"es_ES","og_type":"article","og_title":"Micropatrocinio mensual - Cursos online Jos\u00e9 Conti","og_description":"Mircropatrocinio mensual de plugin gratuito de Redsys de WordPress.org. Selecciona la aportaci\u00f3n mensual al desarrollo que deseas hacer. Si deseas realizar un micropatrocinio \u00fanico, ve a esta p\u00e1gina.","og_url":"https:\/\/www.joseconti.com\/cursos-online\/tienda\/micropatrocinio-mensual\/","og_site_name":"Cursos online Jos\u00e9 Conti","article_modified_time":"2020-02-16T19:53:26+00:00","og_image":[{"width":1024,"height":1024,"url":"https:\/\/www.joseconti.com\/cursos-online\/wp-content\/uploads\/2020\/02\/micropatrocinio-mensual-redsys.png","type":"image\/png"}],"twitter_card":"summary_large_image","twitter_site":"@josecontic","schema":{"@context":"https:\/\/schema.org","@graph":[{"@type":"WebPage","@id":"https:\/\/www.joseconti.com\/cursos-online\/tienda\/micropatrocinio-mensual\/","url":"https:\/\/www.joseconti.com\/cursos-online\/tienda\/micropatrocinio-mensual\/","name":"Micropatrocinio mensual - Cursos online Jos\u00e9 Conti","isPartOf":{"@id":"https:\/\/www.joseconti.com\/cursos-online\/#website"},"primaryImageOfPage":{"@id":"https:\/\/www.joseconti.com\/cursos-online\/tienda\/micropatrocinio-mensual\/#primaryimage"},"image":{"@id":"https:\/\/www.joseconti.com\/cursos-online\/tienda\/micropatrocinio-mensual\/#primaryimage"},"thumbnailUrl":"https:\/\/www.joseconti.com\/cursos-online\/wp-content\/uploads\/2020\/02\/micropatrocinio-mensual-redsys.png","datePublished":"2020-02-16T13:24:15+00:00","dateModified":"2020-02-16T19:53:26+00:00","breadcrumb":{"@id":"https:\/\/www.joseconti.com\/cursos-online\/tienda\/micropatrocinio-mensual\/#breadcrumb"},"inLanguage":"es","potentialAction":[{"@type":"ReadAction","target":["https:\/\/www.joseconti.com\/cursos-online\/tienda\/micropatrocinio-mensual\/"]}]},{"@type":"ImageObject","inLanguage":"es","@id":"https:\/\/www.joseconti.com\/cursos-online\/tienda\/micropatrocinio-mensual\/#primaryimage","url":"https:\/\/www.joseconti.com\/cursos-online\/wp-content\/uploads\/2020\/02\/micropatrocinio-mensual-redsys.png","contentUrl":"https:\/\/www.joseconti.com\/cursos-online\/wp-content\/uploads\/2020\/02\/micropatrocinio-mensual-redsys.png","width":1024,"height":1024,"caption":"Micropatrocinio mensual Redsys"},{"@type":"BreadcrumbList","@id":"https:\/\/www.joseconti.com\/cursos-online\/tienda\/micropatrocinio-mensual\/#breadcrumb","itemListElement":[{"@type":"ListItem","position":1,"name":"Portada","item":"https:\/\/www.joseconti.com\/cursos-online\/"},{"@type":"ListItem","position":2,"name":"Tienda","item":"https:\/\/www.joseconti.com\/cursos-online\/tienda\/"},{"@type":"ListItem","position":3,"name":"Micropatrocinio mensual"}]},{"@type":"WebSite","@id":"https:\/\/www.joseconti.com\/cursos-online\/#website","url":"https:\/\/www.joseconti.com\/cursos-online\/","name":"Cursos online Jos\u00e9 Conti","description":"Me gustar\u00eda cambiar el mundo, pero no encuentro el c\u00f3digo fuente","publisher":{"@id":"https:\/\/www.joseconti.com\/cursos-online\/#\/schema\/person\/70180751d692bf6cd51282a0cda96a72"},"potentialAction":[{"@type":"SearchAction","target":{"@type":"EntryPoint","urlTemplate":"https:\/\/www.joseconti.com\/cursos-online\/?s={search_term_string}"},"query-input":{"@type":"PropertyValueSpecification","valueRequired":true,"valueName":"search_term_string"}}],"inLanguage":"es"},{"@type":["Person","Organization"],"@id":"https:\/\/www.joseconti.com\/cursos-online\/#\/schema\/person\/70180751d692bf6cd51282a0cda96a72","name":"Jos\u00e9 Conti","image":{"@type":"ImageObject","inLanguage":"es","@id":"https:\/\/www.joseconti.com\/cursos-online\/wp-content\/uploads\/2017\/12\/logo.png","url":"https:\/\/www.joseconti.com\/cursos-online\/wp-content\/uploads\/2017\/12\/logo.png","contentUrl":"https:\/\/www.joseconti.com\/cursos-online\/wp-content\/uploads\/2017\/12\/logo.png","width":421,"height":77,"caption":"Jos\u00e9 Conti"},"logo":{"@id":"https:\/\/www.joseconti.com\/cursos-online\/wp-content\/uploads\/2017\/12\/logo.png"},"description":"Pertenezco al equipo de traducci\u00f3n oficial de WordPress Espa\u00f1a, soy amante de WordPress por su sencillez de uso y potencial. Trabajo con WordPress desde finales de 2004, principios de 2005. Realizo mantenimientos de webs realizadas con WordPress y WooCommerce entre otras muchas cosas.","sameAs":["https:\/\/www.joseconti.com","https:\/\/x.com\/josecontic","https:\/\/www.youtube.com\/joseconti"]}]}},"jetpack_sharing_enabled":true,"_links":{"self":[{"href":"https:\/\/www.joseconti.com\/cursos-online\/wp-json\/wp\/v2\/product\/6735","targetHints":{"allow":["GET"]}}],"collection":[{"href":"https:\/\/www.joseconti.com\/cursos-online\/wp-json\/wp\/v2\/product"}],"about":[{"href":"https:\/\/www.joseconti.com\/cursos-online\/wp-json\/wp\/v2\/types\/product"}],"replies":[{"embeddable":true,"href":"https:\/\/www.joseconti.com\/cursos-online\/wp-json\/wp\/v2\/comments?post=6735"}],"wp:featuredmedia":[{"embeddable":true,"href":"https:\/\/www.joseconti.com\/cursos-online\/wp-json\/wp\/v2\/media\/6750"}],"wp:attachment":[{"href":"https:\/\/www.joseconti.com\/cursos-online\/wp-json\/wp\/v2\/media?parent=6735"}],"wp:term":[{"taxonomy":"product_brand","embeddable":true,"href":"https:\/\/www.joseconti.com\/cursos-online\/wp-json\/wp\/v2\/product_brand?post=6735"},{"taxonomy":"product_cat","embeddable":true,"href":"https:\/\/www.joseconti.com\/cursos-online\/wp-json\/wp\/v2\/product_cat?post=6735"},{"taxonomy":"product_tag","embeddable":true,"href":"https:\/\/www.joseconti.com\/cursos-online\/wp-json\/wp\/v2\/product_tag?post=6735"}],"curies":[{"name":"wp","href":"https:\/\/api.w.org\/{rel}","templated":true}]}}